{"id":206,"date":"2023-05-04T15:35:27","date_gmt":"2023-05-04T13:35:27","guid":{"rendered":"http:\/\/mysorestyleparis.com\/?page_id=206"},"modified":"2025-06-16T16:26:39","modified_gmt":"2025-06-16T14:26:39","slug":"ashtanga-yoga","status":"publish","type":"page","link":"https:\/\/ashtangayogaparis.com\/index.php\/ashtanga-yoga\/","title":{"rendered":"Ashtanga"},"content":{"rendered":"\n<div class=\"wp-block-cover alignfull is-light\" style=\"padding-top:4vw;padding-right:4vw;padding-bottom:4vw;padding-left:4vw;min-height:66vh;aspect-ratio:unset;\"><img loading=\"lazy\" decoding=\"async\" width=\"667\" height=\"1000\" class=\"wp-block-cover__image-background wp-image-813 size-full\" alt=\"Kapotasana Ashtanga Yoga Paris\" src=\"http:\/\/ashtangayogaparis.com\/wp-content\/uploads\/2024\/06\/DSC4255.jpg\" style=\"object-position:49% 64%\" data-object-fit=\"cover\" data-object-position=\"49% 64%\" srcset=\"https:\/\/ashtangayogaparis.com\/wp-content\/uploads\/2024\/06\/DSC4255.jpg 667w, https:\/\/ashtangayogaparis.com\/wp-content\/uploads\/2024\/06\/DSC4255-200x300.jpg 200w\" sizes=\"auto, (max-width: 667px) 100vw, 667px\" \/><span aria-hidden=\"true\" class=\"wp-block-cover__background has-black-background-color has-background-dim-10 has-background-dim\"><\/span><div class=\"wp-block-cover__inner-container is-layout-flow wp-block-cover-is-layout-flow\">\n<p class=\"has-text-align-center has-large-font-size\"><\/p>\n<\/div><\/div>\n\n\n\n<p class=\"has-text-color\" style=\"color:#bfab72\">HISTOIRE<\/p>\n\n\n\n<p class=\"has-text-color\" style=\"color:#6f655f\">Si on se r\u00e9f\u00e8re aux textes de la philosophie indienne, l\u2019histoire du yoga est probablement aussi longue que l\u2019histoire de l\u2019humanit\u00e9, mais il est difficile d\u2019en donner une date pr\u00e9cise.<\/p>\n\n\n\n<p class=\"has-text-color\" style=\"color:#6f655f\">L\u2019origine du syst\u00e8me de l\u2019Ashtanga yoga tel qu\u2019on le conna\u00eet aujourd\u2019hui comporte aussi une part de myst\u00e8re. Certain\u00b7e\u00b7s disent qu\u2019un manuscrit \u00e9crit par le sage Vamana Rishi intitul\u00e9 Yoga Korunta aurait \u00e9t\u00e9 d\u00e9couvert par les deux grands ma\u00eetres yogis, Krishnamacharya et Pattabhi Jois, dans la biblioth\u00e8que de Mysore. D\u2019autres disent que ce m\u00eame manuscrit aurait \u00e9t\u00e9 transmis du guru Rama Mohan Brahmachari \u00e0 Krishnamacharya qui l\u2019aurait lui-m\u00eame transmis ensuite \u00e0 Pattabhi Jois. Leurs enseignements se seraient ensuite bas\u00e9s sur ce texte comportant un commentaire des Yoga Sutras de Patanjali, texte fondateur de la philosophie du yoga \u00e9crit il y a pr\u00e8s de 2000 ans ainsi que la description compl\u00e8te du syst\u00e8me des <em>Vinyasas <\/em>auquel Krishnamacharya et Pattabhi Jois auraient rajout\u00e9 la pratique des postures.<\/p>\n\n\n\n<figure class=\"wp-block-image size-large is-resized\"><img loading=\"lazy\" decoding=\"async\" width=\"1024\" height=\"504\" src=\"http:\/\/mysorestyleparis.com\/wp-content\/uploads\/2021\/11\/D831B8C4-DAB4-4D75-9BB2-D566015EF6DC-2-scaled-1-1024x504.jpg\" alt=\"ashtanga yoga c'est quoi ?\" class=\"wp-image-45\" style=\"width:627px;height:308px\" srcset=\"https:\/\/ashtangayogaparis.com\/wp-content\/uploads\/2021\/11\/D831B8C4-DAB4-4D75-9BB2-D566015EF6DC-2-scaled-1-1024x504.jpg 1024w, https:\/\/ashtangayogaparis.com\/wp-content\/uploads\/2021\/11\/D831B8C4-DAB4-4D75-9BB2-D566015EF6DC-2-scaled-1-300x148.jpg 300w, https:\/\/ashtangayogaparis.com\/wp-content\/uploads\/2021\/11\/D831B8C4-DAB4-4D75-9BB2-D566015EF6DC-2-scaled-1-768x378.jpg 768w, https:\/\/ashtangayogaparis.com\/wp-content\/uploads\/2021\/11\/D831B8C4-DAB4-4D75-9BB2-D566015EF6DC-2-scaled-1-1536x757.jpg 1536w, https:\/\/ashtangayogaparis.com\/wp-content\/uploads\/2021\/11\/D831B8C4-DAB4-4D75-9BB2-D566015EF6DC-2-scaled-1-2048x1009.jpg 2048w, https:\/\/ashtangayogaparis.com\/wp-content\/uploads\/2021\/11\/D831B8C4-DAB4-4D75-9BB2-D566015EF6DC-2-scaled-1-1568x772.jpg 1568w\" sizes=\"auto, (max-width: 1024px) 100vw, 1024px\" \/><\/figure>\n\n\n\n<p class=\"has-text-color\" style=\"color:#bfab72\">QU\u2019EST-CE QUE L\u2019ASHTANGA YOGA?<\/p>\n\n\n\n<p class=\"has-text-color\" style=\"color:#6f655f\">Ashtanga yoga signifie litt\u00e9ralement \u00ab yoga des huit membres \u00bb (<em>ashtau <\/em>= huit ; <em>anga <\/em>= membres) en r\u00e9f\u00e9rence aux Yoga Sutras de Patanjali. Ce texte fondateur de l\u2019histoire du yoga, compos\u00e9 de 196 aphorismes transmis oralement de ma\u00eetre \u00e0 \u00e9l\u00e8ve, s\u2019inscrit dans une lign\u00e9e de textes anciens qui remontent \u00e0 plusieurs mill\u00e9naires.<\/p>\n\n\n\n<p class=\"has-text-color\" style=\"color:#6f655f\">Les grands ma\u00eetres yogis s\u2019accordent \u00e0 dire que le corps et l\u2019esprit peuvent \u00eatre lib\u00e9r\u00e9s de leurs blocages et trouver la joie gr\u00e2ce \u00e0 la pratique. Ainsi, la lecture et l\u2019\u00e9tude des anciens textes philosophiques sur le yoga sont n\u00e9cessaires pour approfondir sa pratique mais n\u2019en constitue qu\u2019une petite partie car seule l\u2019exp\u00e9rience par soi-m\u00eame peut nous guider sur le chemin du yoga. Lorsque l\u2019on pratique avec conscience et sinc\u00e9rit\u00e9 au-del\u00e0 des postures, l\u2019Ashtanga yoga permet de d\u00e9velopper la conscience du corps et du mental nous permettant de nous rapprocher peu \u00e0 peu de notre v\u00e9ritable nature, notre soi.<\/p>\n\n\n\n<p class=\"has-text-color\" style=\"color:#bfab72\">ASHTANGA YOGA<\/p>\n\n\n\n<p class=\"has-text-color\" style=\"color:#6f655f\">L\u2019Ashtanga yoga est souvent d\u00e9crit comme une forme de yoga dynamique et tr\u00e8s exigeante qui permet de gagner souplesse et force physique. M\u00eame si cela reste vrai, l\u2019Ashtanga yoga recouvre de nombreuses richesses qui vont bien au-del\u00e0 d\u2019une simple pratique physique.&nbsp;<\/p>\n\n\n\n<p class=\"has-text-color\" style=\"color:#6f655f\">Pour Sharath Jois, l\u2019Ashtanga yoga englobe toutes les visions du yoga d\u00e9crites par la tradition. Il est donc tr\u00e8s difficile d\u2019en donner une d\u00e9finition pr\u00e9cise et limit\u00e9e.&nbsp;<\/p>\n\n\n\n<p class=\"has-text-color\" style=\"color:#6f655f\">La m\u00e9thode de l\u2019Ashtanga yoga selon la tradition implique de respecter diff\u00e9rentes techniques pr\u00e9cises. Le souffle (<em>prana<\/em>), la posture (<em>asana<\/em>), la technique du vinyasa (<em>vinyasa<\/em> <em>krama<\/em>), les <em>bandhas<\/em> (verrous \u00e9nerg\u00e9tiques) et les <em>drishtis<\/em> (points de fixation du regard) doivent \u00eatre pratiqu\u00e9s conjointement pour pouvoir cr\u00e9er de la chaleur dans le corps. Cette chaleur a pour but de faire circuler l\u2019\u00e9nergie et de prot\u00e9ger notre corps en g\u00e9n\u00e9rant un processus de nettoyage global qui atteindrait toutes les strates physiques et \u00e9nerg\u00e9tiques de l\u2019\u00eatre (<em>koshas<\/em>)&nbsp;: organes, muscles, syst\u00e8me nerveux, mental, esprit. Nous d\u00e9velopperons ensemble tous ces aspects dans la deuxi\u00e8me partie de ce livre.&nbsp;<\/p>\n\n\n\n<p class=\"has-text-color\" style=\"color:#bfab72\">PARAMPARA<\/p>\n\n\n\n<p class=\"has-text-color\" style=\"color:#6f655f\">L\u2019enseignement du yoga est traditionnellement transmis de ma\u00eetre \u00e0 \u00e9l\u00e8ve. Cette transmission s\u2019appelle <em>Parampara<\/em>. Comprendre cette notion est essentiel pour comprendre la tradition de l\u2019Ashtanga yoga.&nbsp;<\/p>\n\n\n\n<p class=\"has-text-color\" style=\"color:#6f655f\"><em>Parampara<\/em> signifie \u00ab&nbsp;lign\u00e9e&nbsp;\u00bb en sanskrit et d\u00e9signe le principe de la transmission de la connaissance dans sa forme la plus pr\u00e9cieuse de professeur.e \u00e0 \u00e9l\u00e8ve. Une connaissance bas\u00e9e sur une exp\u00e9rience directe et pratique. Cette connaissance ne peut \u00eatre transf\u00e9r\u00e9e&nbsp;qu\u2019apr\u00e8s que l\u2019\u00e9tudiant.e a pass\u00e9 de nombreuses ann\u00e9es avec un guru exp\u00e9riment\u00e9 en qui il ou elle a enti\u00e8rement accord\u00e9 sa confiance.&nbsp;<\/p>\n\n\n\n<p class=\"has-text-color\" style=\"color:#bfab72\">INDICATIONS POUR LA PRATIQUE<\/p>\n\n\n\n<p class=\"has-text-color\" style=\"color:#6f655f\">Afin de ressentir pleinement les b\u00e9n\u00e9fices de votre pratique, il est important de vous cr\u00e9er les meilleures conditions possible. Soyez conscient.e des facteurs int\u00e9rieurs et ext\u00e9rieurs qui pourraient affecter votre \u00e9tat d\u2019esprit, votre concentration ou votre humeur.<\/p>\n\n\n\n<p class=\"has-text-color\" style=\"color:#bfab72\">OU PRATIQUER &nbsp;?<\/p>\n\n\n\n<p class=\"has-text-color\" style=\"color:#6f655f\">Si vous d\u00e9butez, il est fortement recommand\u00e9 de pratiquer dans un centre de yoga \u2013 yoga <em>shala<\/em> \u2013 avec un.e professeur.e exp\u00e9riment\u00e9.e qui sera \u00e0 m\u00eame de vous accompagner dans vos progr\u00e8s et votre compr\u00e9hension de la pratique. Les livres peuvent vous expliquer une posture de mani\u00e8re th\u00e9orique, mais jamais ils ne pourront remplacer l\u2019enseignement d\u2019un.e professeur.e, pour la simple raison qu\u2019ils ne peuvent ni vous voir, ni vous toucher, ni comprendre les sp\u00e9cificit\u00e9s de votre corps et votre mental. La notion de <em>Parampara<\/em> abord\u00e9e ensemble pr\u00e9c\u00e9demment ne peut pas se transmettre \u00e0 travers un livre.<\/p>\n\n\n\n<p class=\"has-text-color\" style=\"color:#bfab72\">COMMENT PRATIQUER ?<\/p>\n\n\n\n<p class=\"has-text-color\" style=\"color:#6f655f\">La pratique du yoga n\u00e9cessite seulement des v\u00eatements l\u00e9gers dans lesquels vous vous sentez bien pour bouger facilement et \u00e9vacuer la transpiration. Il vous faudra \u00e9galement un tapis de yoga sur lequel vous devriez vous sentir comme chez vous. Veillez \u00e0 en choisir un sur lequel vous \u00eates confortable et suffisamment antid\u00e9rapant pour amortir le contact avec le sol. Si besoin n\u2019h\u00e9sitez pas \u00e0 demander conseil aupr\u00e8s de votre professeur pour conna\u00eetre l\u2019\u00e9paisseur ou la gamme adapt\u00e9e \u00e0 votre pratique.&nbsp;<\/p>\n\n\n\n<p class=\"has-text-color\" style=\"color:#bfab72\">QUAND PRATIQUER ?<\/p>\n\n\n\n<p class=\"has-text-color\" style=\"color:#6f655f\">Le meilleur moment de la journ\u00e9e pour pratiquer le yoga est le matin car m\u00eame si le corps peut para\u00eetre plus raide, votre mental n\u2019est pas encore envahi par le flot de pens\u00e9e de la journ\u00e9e. L\u2019environnement est aussi plus pur et charg\u00e9 en \u00e9nergie vitale appel\u00e9e <em>prana<\/em>. Apr\u00e8s votre pratique, vous sentirez une belle \u00e9nergie pour commencer votre journ\u00e9e. Traditionnellement, on pratique le yoga au lever du soleil et jamais apr\u00e8s le coucher. Bien s\u00fbr, si cela est difficile \u00e0 pr\u00e9voir avec votre emploi du temps ou si votre ressenti vous dit de pratiquer le soir, sentez-vous libre de le faire. Le yoga nous aide \u00e0 nous tourner vers l\u2019int\u00e9rieur et \u00e0 nous \u00e9couter, pour am\u00e9liorer notre vie au quotidien et nous sentir plus en phase avec le monde qui nous entoure. Cela ne doit pas \u00eatre une contrainte, ni devenir une obsession. Soyez \u00e0 l\u2019\u00e9coute de vous-m\u00eame, de votre \u00e9tat, de votre ressenti mental et corporel du moment. Vous serez alors votre meilleur guide pour savoir quand pratiquer et jusqu\u2019o\u00f9 aller dans votre pratique.<\/p>\n\n\n\n<p class=\"has-text-color\" style=\"color:#bfab72\">QUI PEUT PRATIQUER ?<\/p>\n\n\n\n<p class=\"has-text-color\" style=\"color:#6f655f\">Absolument tout le monde&nbsp;! Il est grand temps de casser cette image que l\u2019Ashtanga ne serait que pour des personnes en grande forme physique. Femmes, hommes, raide, souple, sportif.ve ou non, bonne ou mauvaise condition physique, jeunes ou plus \u00e2g\u00e9es, la pratique de l\u2019Ashtanga yoga peut \u00eatre adapt\u00e9e et b\u00e9n\u00e9fique pour toutes et tous.&nbsp;<\/p>\n\n\n\n<p class=\"has-text-color\" style=\"color:#6f655f\">La magie du yoga r\u00e9side en grande partie dans son caract\u00e8re universel. Il y a tant qui nous s\u00e9parent dans le monde, tels que la religion, la politique ou les fronti\u00e8res. Il est rare de trouver quelque chose qui parvient \u00e0 nous connecter les un.e.s aux autres, et le yoga fait partie de ces choses-l\u00e0. Lorsque l\u2019on comprend l\u2019esprit du yoga, et donc de l\u2019Ashtanga yoga, qu\u2019on pratique avec sinc\u00e9rit\u00e9, la compassion, l\u2019harmonie et l\u2019amour qui se d\u00e9gagent de la&nbsp;pratique parviennent \u00e0 nous rassembler. Cette universalit\u00e9 partag\u00e9e gr\u00e2ce \u00e0 la pratique fait que tout le monde peut y avoir acc\u00e8s selon ses propres modalit\u00e9s.&nbsp;<\/p>\n\n\n\n<p class=\"has-text-color\" style=\"color:#bfab72\">QUE MANGER ET QUEL STYLE DE VIE ?<\/p>\n\n\n\n<p class=\"has-text-color\" style=\"color:#6f655f\">Dans la culture yogique, l\u2019alimentation ne d\u00e9signe pas le simple fait de manger. La nourriture que l\u2019on ing\u00e8re est consid\u00e9r\u00e9e comme une puissance vitale appel\u00e9e <em>bindu<\/em>. Avoir une alimentation saine, nourrissante et v\u00e9g\u00e9tarienne est donc un aspect essentiel du yoga.&nbsp;<\/p>\n\n\n\n<p class=\"has-text-color\" style=\"color:#6f655f\">&nbsp;Afin d\u2019\u00eatre en coh\u00e9rence avec les principes de la pratique et d\u2019\u00eatre en harmonie avec soi, avec les autres et avec la nature qui nous entoure, il est important de consommer une nourriture respectueuse de l\u2019environnement, id\u00e9alement v\u00e9g\u00e9tarienne, biologique et avec le moins d\u2019impact n\u00e9gatif possible. Veillez \u00e0 prendre en compte aussi bien le mode de culture, d\u2019emballage, de transport et la mani\u00e8re dont la nourriture a \u00e9t\u00e9 trait\u00e9e en g\u00e9n\u00e9ral.<\/p>\n\n\n\n<p class=\"has-text-color\" style=\"color:#6f655f\">Tous ces facteurs influencent les caract\u00e9ristiques \u00e9nerg\u00e9tiques de l\u2019alimentation. La pratique du yoga nous rend plus \u00e0 m\u00eame de percevoir les sensations internes que produisent les aliments.<\/p>\n\n\n\n<p class=\"has-text-color\" style=\"color:#bfab72\">STYLE DE PRATIQUE<\/p>\n\n\n\n<p class=\"has-text-color\" style=\"color:#6f655f\">Il y a deux mani\u00e8res d\u2019enseigner et d\u2019apprendre l\u2019Ashtanga yoga : soit dans un cours dirig\u00e9 appel\u00e9 \u00ab Led Class \u00bb o\u00f9 l\u2019enseignant\u00b7e \u00e9nonce le nom des postures et compte le vinyasa \u00e0 voix haute, soit dans un cours de \u00ab Mysore-Style \u00bb o\u00f9 cha- cun\u00b7e r\u00e9alise sa s\u00e9rie de posture \u00e0 son propre rythme sous le regard et la supervi- sion du professeur\u00b7e.<\/p>\n\n\n\n<p class=\"has-text-color\" style=\"color:#6f655f\">Traditionnellement, le yoga est une pratique individuelle qui se transmet directe- ment de ma\u00eetre \u00e0 \u00e9l\u00e8ve (Parampara). Dans les studios de yoga, les cours dirig\u00e9s se sont impos\u00e9s majoritairement comme le seul moyen d\u2019apprendre. M\u00eame s\u2019ils ont beaucoup d\u2019avantages, notamment le fait de rendre le yoga accessible au plus grand nombre, ceux-ci sont moins adaptables que les cours Mysore-Style qui peuvent \u00eatre plus personnalis\u00e9s.<\/p>\n\n\n\n<p class=\"has-text-color has-link-color wp-elements-aa352dc91179ac22f2c1a95abb8ddb62\" style=\"color:#6f655f\"><a href=\"https:\/\/ashtangayogaparis.com\/index.php\/parampara\/\">Parampara ?<\/a><\/p>\n","protected":false},"excerpt":{"rendered":"<p>HISTOIRE Si on se r\u00e9f\u00e8re aux textes de la philosophie indienne, l\u2019histoire du yoga est probablement aussi longue que l\u2019histoire de l\u2019humanit\u00e9, mais il est difficile d\u2019en donner une date pr\u00e9cise. L\u2019origine du syst\u00e8me de l\u2019Ashtanga yoga tel qu\u2019on le conna\u00eet aujourd\u2019hui comporte aussi une part de myst\u00e8re. Certain\u00b7e\u00b7s disent qu\u2019un manuscrit \u00e9crit par le&hellip; <a class=\"more-link\" href=\"https:\/\/ashtangayogaparis.com\/index.php\/ashtanga-yoga\/\">Continue reading <span class=\"screen-reader-text\">Ashtanga<\/span><\/a><\/p>\n","protected":false},"author":1,"featured_media":0,"parent":0,"menu_order":0,"comment_status":"closed","ping_status":"closed","template":"","meta":{"footnotes":""},"class_list":["post-206","page","type-page","status-publish","hentry","entry"],"yoast_head":"<!-- This site is optimized with the Yoast SEO plugin v27.0 - https:\/\/yoast.com\/product\/yoast-seo-wordpress\/ -->\n<title>Ashtanga - Ashtanga Yoga Paris | Ashtanga Yoga | KPJAYI SYC authorized<\/title>\n<meta name=\"description\" content=\"Ashtanga yoga signifie litt\u00e9ralement \u00ab yoga des huit membres \u00bb (ashtau = huit ; anga = membres) en r\u00e9f\u00e9rence aux Yoga Sutras de Patanjali.\" \/>\n<meta name=\"robots\" content=\"index, follow, max-snippet:-1, max-image-preview:large, max-video-preview:-1\" \/>\n<link rel=\"canonical\" href=\"https:\/\/ashtangayogaparis.com\/index.php\/ashtanga-yoga\/\" \/>\n<meta property=\"og:locale\" content=\"en_US\" \/>\n<meta property=\"og:type\" content=\"article\" \/>\n<meta property=\"og:title\" content=\"Ashtanga - Ashtanga Yoga Paris | Ashtanga Yoga | KPJAYI SYC authorized\" \/>\n<meta property=\"og:description\" content=\"Ashtanga yoga signifie litt\u00e9ralement \u00ab yoga des huit membres \u00bb (ashtau = huit ; anga = membres) en r\u00e9f\u00e9rence aux Yoga Sutras de Patanjali.\" \/>\n<meta property=\"og:url\" content=\"https:\/\/ashtangayogaparis.com\/index.php\/ashtanga-yoga\/\" \/>\n<meta property=\"og:site_name\" content=\"Ashtanga Yoga Paris | Ashtanga Yoga | KPJAYI SYC authorized\" \/>\n<meta property=\"article:publisher\" content=\"https:\/\/www.facebook.com\/cyril.lagel\/\" \/>\n<meta property=\"article:modified_time\" content=\"2025-06-16T14:26:39+00:00\" \/>\n<meta property=\"og:image\" content=\"http:\/\/ashtangayogaparis.com\/wp-content\/uploads\/2024\/06\/DSC4255.jpg\" \/>\n<meta name=\"twitter:card\" content=\"summary_large_image\" \/>\n<meta name=\"twitter:label1\" content=\"Est. reading time\" \/>\n\t<meta name=\"twitter:data1\" content=\"8 minutes\" \/>\n<script type=\"application\/ld+json\" class=\"yoast-schema-graph\">{\"@context\":\"https:\/\/schema.org\",\"@graph\":[{\"@type\":\"WebPage\",\"@id\":\"https:\/\/ashtangayogaparis.com\/index.php\/ashtanga-yoga\/\",\"url\":\"https:\/\/ashtangayogaparis.com\/index.php\/ashtanga-yoga\/\",\"name\":\"Ashtanga - Ashtanga Yoga Paris | Ashtanga Yoga | KPJAYI SYC authorized\",\"isPartOf\":{\"@id\":\"https:\/\/ashtangayogaparis.com\/#website\"},\"primaryImageOfPage\":{\"@id\":\"https:\/\/ashtangayogaparis.com\/index.php\/ashtanga-yoga\/#primaryimage\"},\"image\":{\"@id\":\"https:\/\/ashtangayogaparis.com\/index.php\/ashtanga-yoga\/#primaryimage\"},\"thumbnailUrl\":\"http:\/\/ashtangayogaparis.com\/wp-content\/uploads\/2024\/06\/DSC4255.jpg\",\"datePublished\":\"2023-05-04T13:35:27+00:00\",\"dateModified\":\"2025-06-16T14:26:39+00:00\",\"description\":\"Ashtanga yoga signifie litt\u00e9ralement \u00ab yoga des huit membres \u00bb (ashtau = huit ; anga = membres) en r\u00e9f\u00e9rence aux Yoga Sutras de Patanjali.\",\"breadcrumb\":{\"@id\":\"https:\/\/ashtangayogaparis.com\/index.php\/ashtanga-yoga\/#breadcrumb\"},\"inLanguage\":\"en-US\",\"potentialAction\":[{\"@type\":\"ReadAction\",\"target\":[\"https:\/\/ashtangayogaparis.com\/index.php\/ashtanga-yoga\/\"]}]},{\"@type\":\"ImageObject\",\"inLanguage\":\"en-US\",\"@id\":\"https:\/\/ashtangayogaparis.com\/index.php\/ashtanga-yoga\/#primaryimage\",\"url\":\"https:\/\/ashtangayogaparis.com\/wp-content\/uploads\/2024\/06\/DSC4255.jpg\",\"contentUrl\":\"https:\/\/ashtangayogaparis.com\/wp-content\/uploads\/2024\/06\/DSC4255.jpg\",\"width\":667,\"height\":1000},{\"@type\":\"BreadcrumbList\",\"@id\":\"https:\/\/ashtangayogaparis.com\/index.php\/ashtanga-yoga\/#breadcrumb\",\"itemListElement\":[{\"@type\":\"ListItem\",\"position\":1,\"name\":\"Accueil\",\"item\":\"https:\/\/ashtangayogaparis.com\/\"},{\"@type\":\"ListItem\",\"position\":2,\"name\":\"Ashtanga\"}]},{\"@type\":\"WebSite\",\"@id\":\"https:\/\/ashtangayogaparis.com\/#website\",\"url\":\"https:\/\/ashtangayogaparis.com\/\",\"name\":\"Ashtanga Yoga Paris | Ashtanga Yoga | KPJAYI SYC authorized\",\"description\":\"Yoga Shala, Ashtanga Yoga  par Cyril Lagel professeur autoris\u00e9 KPJAYI &amp; Tran Bui SYC \",\"publisher\":{\"@id\":\"https:\/\/ashtangayogaparis.com\/#organization\"},\"potentialAction\":[{\"@type\":\"SearchAction\",\"target\":{\"@type\":\"EntryPoint\",\"urlTemplate\":\"https:\/\/ashtangayogaparis.com\/?s={search_term_string}\"},\"query-input\":{\"@type\":\"PropertyValueSpecification\",\"valueRequired\":true,\"valueName\":\"search_term_string\"}}],\"inLanguage\":\"en-US\"},{\"@type\":\"Organization\",\"@id\":\"https:\/\/ashtangayogaparis.com\/#organization\",\"name\":\"Ashtanga Yoga Paris | Ashtanga Yoga | KPJAYI SYC authorized\",\"url\":\"https:\/\/ashtangayogaparis.com\/\",\"logo\":{\"@type\":\"ImageObject\",\"inLanguage\":\"en-US\",\"@id\":\"https:\/\/ashtangayogaparis.com\/#\/schema\/logo\/image\/\",\"url\":\"https:\/\/ashtangayogaparis.com\/wp-content\/uploads\/2025\/06\/cropped-logo-ashtanga-yoga-paris-1.png\",\"contentUrl\":\"https:\/\/ashtangayogaparis.com\/wp-content\/uploads\/2025\/06\/cropped-logo-ashtanga-yoga-paris-1.png\",\"width\":2414,\"height\":1089,\"caption\":\"Ashtanga Yoga Paris | Ashtanga Yoga | KPJAYI SYC authorized\"},\"image\":{\"@id\":\"https:\/\/ashtangayogaparis.com\/#\/schema\/logo\/image\/\"},\"sameAs\":[\"https:\/\/www.facebook.com\/cyril.lagel\/\",\"https:\/\/www.instagram.com\/cyrillagel\"]}]}<\/script>\n<!-- \/ Yoast SEO plugin. -->","yoast_head_json":{"title":"Ashtanga - Ashtanga Yoga Paris | Ashtanga Yoga | KPJAYI SYC authorized","description":"Ashtanga yoga signifie litt\u00e9ralement \u00ab yoga des huit membres \u00bb (ashtau = huit ; anga = membres) en r\u00e9f\u00e9rence aux Yoga Sutras de Patanjali.","robots":{"index":"index","follow":"follow","max-snippet":"max-snippet:-1","max-image-preview":"max-image-preview:large","max-video-preview":"max-video-preview:-1"},"canonical":"https:\/\/ashtangayogaparis.com\/index.php\/ashtanga-yoga\/","og_locale":"en_US","og_type":"article","og_title":"Ashtanga - Ashtanga Yoga Paris | Ashtanga Yoga | KPJAYI SYC authorized","og_description":"Ashtanga yoga signifie litt\u00e9ralement \u00ab yoga des huit membres \u00bb (ashtau = huit ; anga = membres) en r\u00e9f\u00e9rence aux Yoga Sutras de Patanjali.","og_url":"https:\/\/ashtangayogaparis.com\/index.php\/ashtanga-yoga\/","og_site_name":"Ashtanga Yoga Paris | Ashtanga Yoga | KPJAYI SYC authorized","article_publisher":"https:\/\/www.facebook.com\/cyril.lagel\/","article_modified_time":"2025-06-16T14:26:39+00:00","og_image":[{"url":"http:\/\/ashtangayogaparis.com\/wp-content\/uploads\/2024\/06\/DSC4255.jpg","type":"","width":"","height":""}],"twitter_card":"summary_large_image","twitter_misc":{"Est. reading time":"8 minutes"},"schema":{"@context":"https:\/\/schema.org","@graph":[{"@type":"WebPage","@id":"https:\/\/ashtangayogaparis.com\/index.php\/ashtanga-yoga\/","url":"https:\/\/ashtangayogaparis.com\/index.php\/ashtanga-yoga\/","name":"Ashtanga - Ashtanga Yoga Paris | Ashtanga Yoga | KPJAYI SYC authorized","isPartOf":{"@id":"https:\/\/ashtangayogaparis.com\/#website"},"primaryImageOfPage":{"@id":"https:\/\/ashtangayogaparis.com\/index.php\/ashtanga-yoga\/#primaryimage"},"image":{"@id":"https:\/\/ashtangayogaparis.com\/index.php\/ashtanga-yoga\/#primaryimage"},"thumbnailUrl":"http:\/\/ashtangayogaparis.com\/wp-content\/uploads\/2024\/06\/DSC4255.jpg","datePublished":"2023-05-04T13:35:27+00:00","dateModified":"2025-06-16T14:26:39+00:00","description":"Ashtanga yoga signifie litt\u00e9ralement \u00ab yoga des huit membres \u00bb (ashtau = huit ; anga = membres) en r\u00e9f\u00e9rence aux Yoga Sutras de Patanjali.","breadcrumb":{"@id":"https:\/\/ashtangayogaparis.com\/index.php\/ashtanga-yoga\/#breadcrumb"},"inLanguage":"en-US","potentialAction":[{"@type":"ReadAction","target":["https:\/\/ashtangayogaparis.com\/index.php\/ashtanga-yoga\/"]}]},{"@type":"ImageObject","inLanguage":"en-US","@id":"https:\/\/ashtangayogaparis.com\/index.php\/ashtanga-yoga\/#primaryimage","url":"https:\/\/ashtangayogaparis.com\/wp-content\/uploads\/2024\/06\/DSC4255.jpg","contentUrl":"https:\/\/ashtangayogaparis.com\/wp-content\/uploads\/2024\/06\/DSC4255.jpg","width":667,"height":1000},{"@type":"BreadcrumbList","@id":"https:\/\/ashtangayogaparis.com\/index.php\/ashtanga-yoga\/#breadcrumb","itemListElement":[{"@type":"ListItem","position":1,"name":"Accueil","item":"https:\/\/ashtangayogaparis.com\/"},{"@type":"ListItem","position":2,"name":"Ashtanga"}]},{"@type":"WebSite","@id":"https:\/\/ashtangayogaparis.com\/#website","url":"https:\/\/ashtangayogaparis.com\/","name":"Ashtanga Yoga Paris | Ashtanga Yoga | KPJAYI SYC authorized","description":"Yoga Shala, Ashtanga Yoga  par Cyril Lagel professeur autoris\u00e9 KPJAYI &amp; Tran Bui SYC ","publisher":{"@id":"https:\/\/ashtangayogaparis.com\/#organization"},"potentialAction":[{"@type":"SearchAction","target":{"@type":"EntryPoint","urlTemplate":"https:\/\/ashtangayogaparis.com\/?s={search_term_string}"},"query-input":{"@type":"PropertyValueSpecification","valueRequired":true,"valueName":"search_term_string"}}],"inLanguage":"en-US"},{"@type":"Organization","@id":"https:\/\/ashtangayogaparis.com\/#organization","name":"Ashtanga Yoga Paris | Ashtanga Yoga | KPJAYI SYC authorized","url":"https:\/\/ashtangayogaparis.com\/","logo":{"@type":"ImageObject","inLanguage":"en-US","@id":"https:\/\/ashtangayogaparis.com\/#\/schema\/logo\/image\/","url":"https:\/\/ashtangayogaparis.com\/wp-content\/uploads\/2025\/06\/cropped-logo-ashtanga-yoga-paris-1.png","contentUrl":"https:\/\/ashtangayogaparis.com\/wp-content\/uploads\/2025\/06\/cropped-logo-ashtanga-yoga-paris-1.png","width":2414,"height":1089,"caption":"Ashtanga Yoga Paris | Ashtanga Yoga | KPJAYI SYC authorized"},"image":{"@id":"https:\/\/ashtangayogaparis.com\/#\/schema\/logo\/image\/"},"sameAs":["https:\/\/www.facebook.com\/cyril.lagel\/","https:\/\/www.instagram.com\/cyrillagel"]}]}},"_links":{"self":[{"href":"https:\/\/ashtangayogaparis.com\/index.php\/wp-json\/wp\/v2\/pages\/206","targetHints":{"allow":["GET"]}}],"collection":[{"href":"https:\/\/ashtangayogaparis.com\/index.php\/wp-json\/wp\/v2\/pages"}],"about":[{"href":"https:\/\/ashtangayogaparis.com\/index.php\/wp-json\/wp\/v2\/types\/page"}],"author":[{"embeddable":true,"href":"https:\/\/ashtangayogaparis.com\/index.php\/wp-json\/wp\/v2\/users\/1"}],"replies":[{"embeddable":true,"href":"https:\/\/ashtangayogaparis.com\/index.php\/wp-json\/wp\/v2\/comments?post=206"}],"version-history":[{"count":4,"href":"https:\/\/ashtangayogaparis.com\/index.php\/wp-json\/wp\/v2\/pages\/206\/revisions"}],"predecessor-version":[{"id":1122,"href":"https:\/\/ashtangayogaparis.com\/index.php\/wp-json\/wp\/v2\/pages\/206\/revisions\/1122"}],"wp:attachment":[{"href":"https:\/\/ashtangayogaparis.com\/index.php\/wp-json\/wp\/v2\/media?parent=206"}],"curies":[{"name":"wp","href":"https:\/\/api.w.org\/{rel}","templated":true}]}}