{"id":234,"date":"2023-05-04T16:04:27","date_gmt":"2023-05-04T14:04:27","guid":{"rendered":"http:\/\/mysorestyleparis.com\/?page_id=234"},"modified":"2025-06-16T16:28:47","modified_gmt":"2025-06-16T14:28:47","slug":"mantra-ashtanga","status":"publish","type":"page","link":"https:\/\/ashtangayogaparis.com\/index.php\/mantra-ashtanga\/","title":{"rendered":"Mantra"},"content":{"rendered":"\n<div class=\"wp-block-cover alignfull is-light\" style=\"padding-top:4vw;padding-right:4vw;padding-bottom:4vw;padding-left:4vw;min-height:66vh;aspect-ratio:unset;\"><img loading=\"lazy\" decoding=\"async\" width=\"667\" height=\"1000\" class=\"wp-block-cover__image-background wp-image-806\" alt=\"asana setu bandhasana a Ashtanga yoga paris\" src=\"http:\/\/ashtangayogaparis.com\/wp-content\/uploads\/2024\/06\/DSC4187.jpg\" style=\"object-position:64% 21%\" data-object-fit=\"cover\" data-object-position=\"64% 21%\" srcset=\"https:\/\/ashtangayogaparis.com\/wp-content\/uploads\/2024\/06\/DSC4187.jpg 667w, https:\/\/ashtangayogaparis.com\/wp-content\/uploads\/2024\/06\/DSC4187-200x300.jpg 200w\" sizes=\"auto, (max-width: 667px) 100vw, 667px\" \/><span aria-hidden=\"true\" class=\"wp-block-cover__background has-black-background-color has-background-dim-10 has-background-dim\"><\/span><div class=\"wp-block-cover__inner-container is-layout-flow wp-block-cover-is-layout-flow\">\n<p class=\"has-text-align-center has-large-font-size\"><\/p>\n<\/div><\/div>\n\n\n\n<p class=\"has-text-color\" style=\"color:#bfab72\">MANTRA OUVERTURE<\/p>\n\n\n\n<p class=\"has-text-color\" style=\"color:#6f655f\">Le mantra Mysore Style d\u2019ouverture est une pens\u00e9e et un acte de r\u00e9v\u00e9rence envers le guru. Il s\u2019agit du premier verset du Yoga Taravali de Sri Adi Sankaracharya (788 \u2013 820). La premi\u00e8re strophe met \u00e0 l\u2019honneur les gurus qui ont transmis les enseignements \u00e0 travers le temps.&nbsp;<\/p>\n\n\n\n<figure class=\"wp-block-image size-full\" id=\"yui_3_17_2_1_1683209009150_99\"><img loading=\"lazy\" decoding=\"async\" width=\"550\" height=\"180\" src=\"http:\/\/ashtangayogaparis.com\/wp-content\/uploads\/2023\/05\/opening-sanskrit-1-1.gif\" alt=\"\" class=\"wp-image-242\"\/><\/figure>\n\n\n\n<p class=\"has-text-color\" style=\"color:#6f655f\">Om<\/p>\n\n\n\n<p class=\"has-text-color\" style=\"color:#6f655f\">vande gur\u016b\u1e47\u0101\u1e41 cara\u1e47\u0101ravinde<br>sandar\u015bita sv\u0101tma sukh\u0101va bodhe<br>ni\u1e25\u015breyase j\u0101\u1e45gali k\u0101yam\u0101ne<br>sa\u1e41s\u0101ra h\u0101l\u0101hala moha \u015b\u0101ntyai<\/p>\n\n\n\n<p class=\"has-text-color\" style=\"color:#6f655f\">\u0101b\u0101hupuru\u1e63\u0101k\u0101ra\u1e41<br>\u015ba\u1e45kha cakr\u0101si dh\u0101ri\u1e47am<br>sahasra \u015birasa\u1e41 \u015bveta\u1e41<br>pra\u1e47am\u0101mi pata\u00f1jalim<\/p>\n\n\n\n<p class=\"has-text-color\" style=\"color:#6f655f\">Om<\/p>\n\n\n\n<p class=\"has-text-color\" style=\"color:#6f655f\">Je me prosterne aux pieds de lotus des gourous,<br>Ils me r\u00e9v\u00e8lent le v\u00e9ritable Soi.<br>Ils sont l\u2019incarnation du bien,<br>Sous la forme d\u2019un m\u00e9decin,<br>Qui nous gu\u00e9rit de l\u2019illusion et du poison,<br>De la naissance et de la mort.<br>Jusqu\u2019aux \u00e9paules,<br>Il est de forme humaine.<br>Il porte la conche, le disque et l\u2019\u00e9p\u00e9e,<br>Et poss\u00e8de mille t\u00eates. Il est de couleur blanche.<br>Je te salue Patanjali !<\/p>\n\n\n\n<p class=\"has-text-color\" style=\"color:#bfab72\">MANTRA CL\u00d4TURE shanti ou mangala mantra <\/p>\n\n\n\n<p class=\"has-text-color\" style=\"color:#6f655f\">Ce mantra de paix appel\u00e9 shanti mantra&nbsp; se r\u00e9cite \u00e0 la fin de la pratique posturale, juste avant la relaxation.&nbsp;<\/p>\n\n\n\n<figure class=\"wp-block-image size-full\" id=\"yui_3_17_2_1_1683209009150_123\"><img loading=\"lazy\" decoding=\"async\" width=\"580\" height=\"100\" src=\"http:\/\/ashtangayogaparis.com\/wp-content\/uploads\/2023\/05\/closing-sanskrit-1.gif\" alt=\"\" class=\"wp-image-243\"\/><\/figure>\n\n\n\n<p class=\"has-text-color\" style=\"color:#6f655f\">Om<\/p>\n\n\n\n<p class=\"has-text-color\" style=\"color:#6f655f\">svasti praj\u0101bhya\u1e25 parip\u0101la yant\u0101m<br>ny\u0101yena m\u0101rge\u1e47a mah\u012bm mah\u012b\u015b\u0101h<br>gobr\u0101hma\u1e47ebhya\u1e25 \u015bubhamastu nityam<br>lok\u0101\u1e25 samast\u0101\u1e25 sukhino bhavantu<\/p>\n\n\n\n<p class=\"has-text-color\" style=\"color:#6f655f\">Om \u015b\u0101nti\u1e25 \u015b\u0101nti\u1e25 \u015b\u0101nti\u1e25<\/p>\n\n\n\n<p class=\"has-text-color\" style=\"color:#6f655f\">Que la chance soit avec nous,<br>Qu\u2019elle soit avec ceux qui r\u00e9gissent la terre,<br>Ceux qui la prot\u00e8gent en agissant vertueusement !<br>Que les brahmanes et les vaches<br>Connaissent toujours la prosp\u00e9rit\u00e9 !<br>Que tous les mondes soient dans la f\u00e9licit\u00e9 !<br>Om paix paix paix<\/p>\n\n\n\n<figure class=\"wp-block-image size-large\"><img loading=\"lazy\" decoding=\"async\" width=\"1024\" height=\"821\" src=\"http:\/\/mysorestyleparis.com\/wp-content\/uploads\/2023\/05\/jayashree-thumbnail-1200x1200-1-1024x821.png\" alt=\"mantra Ashtanga paris\" class=\"wp-image-239\" srcset=\"https:\/\/ashtangayogaparis.com\/wp-content\/uploads\/2023\/05\/jayashree-thumbnail-1200x1200-1-1024x821.png 1024w, https:\/\/ashtangayogaparis.com\/wp-content\/uploads\/2023\/05\/jayashree-thumbnail-1200x1200-1-300x241.png 300w, https:\/\/ashtangayogaparis.com\/wp-content\/uploads\/2023\/05\/jayashree-thumbnail-1200x1200-1-768x616.png 768w, https:\/\/ashtangayogaparis.com\/wp-content\/uploads\/2023\/05\/jayashree-thumbnail-1200x1200-1.png 1200w\" sizes=\"auto, (max-width: 1024px) 100vw, 1024px\" \/><\/figure>\n\n\n\n<p class=\"has-text-color has-link-color wp-elements-f42d86729e3296ff4558f995a8ba5105\" style=\"color:#6f655f\"><a href=\"https:\/\/ashtangayogaparis.com\/index.php\/fiches-illustrees-poster-de-pratique-ashtanga\/\">Fiches illustr\u00e9es &amp; poster de pratique Ashtanga ?<\/a><\/p>\n\n\n\n<p class=\"has-text-color has-link-color wp-elements-9db23456a872789cfe08b27f74b0849f\" style=\"color:#6f655f\"><a href=\"https:\/\/sharathyogacentre.com\" target=\"_blank\" rel=\"noreferrer noopener\">L&#8217;\u00e9cole officielle de l&#8217;Ashtanga<\/a><\/p>\n","protected":false},"excerpt":{"rendered":"<p>MANTRA OUVERTURE Le mantra Mysore Style d\u2019ouverture est une pens\u00e9e et un acte de r\u00e9v\u00e9rence envers le guru. Il s\u2019agit du premier verset du Yoga Taravali de Sri Adi Sankaracharya (788 \u2013 820). La premi\u00e8re strophe met \u00e0 l\u2019honneur les gurus qui ont transmis les enseignements \u00e0 travers le temps.&nbsp; Om vande gur\u016b\u1e47\u0101\u1e41 cara\u1e47\u0101ravindesandar\u015bita sv\u0101tma&hellip; <a class=\"more-link\" href=\"https:\/\/ashtangayogaparis.com\/index.php\/mantra-ashtanga\/\">Continue reading <span class=\"screen-reader-text\">Mantra<\/span><\/a><\/p>\n","protected":false},"author":1,"featured_media":0,"parent":0,"menu_order":0,"comment_status":"closed","ping_status":"closed","template":"","meta":{"footnotes":""},"class_list":["post-234","page","type-page","status-publish","hentry","entry"],"yoast_head":"<!-- This site is optimized with the Yoast SEO plugin v27.0 - https:\/\/yoast.com\/product\/yoast-seo-wordpress\/ -->\n<title>Mantra - Ashtanga Yoga Paris | Ashtanga Yoga | KPJAYI SYC authorized<\/title>\n<meta name=\"description\" content=\"Le mantra d\u2019ouverture est une pens\u00e9e et un acte de r\u00e9v\u00e9rence envers le guru. Il s\u2019agit du premier verset Taravali de Sri Adi.\" \/>\n<meta name=\"robots\" content=\"index, follow, max-snippet:-1, max-image-preview:large, max-video-preview:-1\" \/>\n<link rel=\"canonical\" href=\"https:\/\/ashtangayogaparis.com\/index.php\/mantra-ashtanga\/\" \/>\n<meta property=\"og:locale\" content=\"en_US\" \/>\n<meta property=\"og:type\" content=\"article\" \/>\n<meta property=\"og:title\" content=\"Mantra - Ashtanga Yoga Paris | Ashtanga Yoga | KPJAYI SYC authorized\" \/>\n<meta property=\"og:description\" content=\"Le mantra d\u2019ouverture est une pens\u00e9e et un acte de r\u00e9v\u00e9rence envers le guru. Il s\u2019agit du premier verset Taravali de Sri Adi.\" \/>\n<meta property=\"og:url\" content=\"https:\/\/ashtangayogaparis.com\/index.php\/mantra-ashtanga\/\" \/>\n<meta property=\"og:site_name\" content=\"Ashtanga Yoga Paris | Ashtanga Yoga | KPJAYI SYC authorized\" \/>\n<meta property=\"article:publisher\" content=\"https:\/\/www.facebook.com\/cyril.lagel\/\" \/>\n<meta property=\"article:modified_time\" content=\"2025-06-16T14:28:47+00:00\" \/>\n<meta property=\"og:image\" content=\"http:\/\/ashtangayogaparis.com\/wp-content\/uploads\/2024\/06\/DSC4187.jpg\" \/>\n<meta name=\"twitter:card\" content=\"summary_large_image\" \/>\n<meta name=\"twitter:label1\" content=\"Est. reading time\" \/>\n\t<meta name=\"twitter:data1\" content=\"3 minutes\" \/>\n<script type=\"application\/ld+json\" class=\"yoast-schema-graph\">{\"@context\":\"https:\/\/schema.org\",\"@graph\":[{\"@type\":\"WebPage\",\"@id\":\"https:\/\/ashtangayogaparis.com\/index.php\/mantra-ashtanga\/\",\"url\":\"https:\/\/ashtangayogaparis.com\/index.php\/mantra-ashtanga\/\",\"name\":\"Mantra - Ashtanga Yoga Paris | Ashtanga Yoga | KPJAYI SYC authorized\",\"isPartOf\":{\"@id\":\"https:\/\/ashtangayogaparis.com\/#website\"},\"primaryImageOfPage\":{\"@id\":\"https:\/\/ashtangayogaparis.com\/index.php\/mantra-ashtanga\/#primaryimage\"},\"image\":{\"@id\":\"https:\/\/ashtangayogaparis.com\/index.php\/mantra-ashtanga\/#primaryimage\"},\"thumbnailUrl\":\"http:\/\/ashtangayogaparis.com\/wp-content\/uploads\/2024\/06\/DSC4187.jpg\",\"datePublished\":\"2023-05-04T14:04:27+00:00\",\"dateModified\":\"2025-06-16T14:28:47+00:00\",\"description\":\"Le mantra d\u2019ouverture est une pens\u00e9e et un acte de r\u00e9v\u00e9rence envers le guru. Il s\u2019agit du premier verset Taravali de Sri Adi.\",\"breadcrumb\":{\"@id\":\"https:\/\/ashtangayogaparis.com\/index.php\/mantra-ashtanga\/#breadcrumb\"},\"inLanguage\":\"en-US\",\"potentialAction\":[{\"@type\":\"ReadAction\",\"target\":[\"https:\/\/ashtangayogaparis.com\/index.php\/mantra-ashtanga\/\"]}]},{\"@type\":\"ImageObject\",\"inLanguage\":\"en-US\",\"@id\":\"https:\/\/ashtangayogaparis.com\/index.php\/mantra-ashtanga\/#primaryimage\",\"url\":\"https:\/\/ashtangayogaparis.com\/wp-content\/uploads\/2024\/06\/DSC4187.jpg\",\"contentUrl\":\"https:\/\/ashtangayogaparis.com\/wp-content\/uploads\/2024\/06\/DSC4187.jpg\",\"width\":667,\"height\":1000},{\"@type\":\"BreadcrumbList\",\"@id\":\"https:\/\/ashtangayogaparis.com\/index.php\/mantra-ashtanga\/#breadcrumb\",\"itemListElement\":[{\"@type\":\"ListItem\",\"position\":1,\"name\":\"Accueil\",\"item\":\"https:\/\/ashtangayogaparis.com\/\"},{\"@type\":\"ListItem\",\"position\":2,\"name\":\"Mantra\"}]},{\"@type\":\"WebSite\",\"@id\":\"https:\/\/ashtangayogaparis.com\/#website\",\"url\":\"https:\/\/ashtangayogaparis.com\/\",\"name\":\"Ashtanga Yoga Paris | Ashtanga Yoga | KPJAYI SYC authorized\",\"description\":\"Yoga Shala, Ashtanga Yoga  par Cyril Lagel professeur autoris\u00e9 KPJAYI &amp; Tran Bui SYC \",\"publisher\":{\"@id\":\"https:\/\/ashtangayogaparis.com\/#organization\"},\"potentialAction\":[{\"@type\":\"SearchAction\",\"target\":{\"@type\":\"EntryPoint\",\"urlTemplate\":\"https:\/\/ashtangayogaparis.com\/?s={search_term_string}\"},\"query-input\":{\"@type\":\"PropertyValueSpecification\",\"valueRequired\":true,\"valueName\":\"search_term_string\"}}],\"inLanguage\":\"en-US\"},{\"@type\":\"Organization\",\"@id\":\"https:\/\/ashtangayogaparis.com\/#organization\",\"name\":\"Ashtanga Yoga Paris | Ashtanga Yoga | KPJAYI SYC authorized\",\"url\":\"https:\/\/ashtangayogaparis.com\/\",\"logo\":{\"@type\":\"ImageObject\",\"inLanguage\":\"en-US\",\"@id\":\"https:\/\/ashtangayogaparis.com\/#\/schema\/logo\/image\/\",\"url\":\"https:\/\/ashtangayogaparis.com\/wp-content\/uploads\/2025\/06\/cropped-logo-ashtanga-yoga-paris-1.png\",\"contentUrl\":\"https:\/\/ashtangayogaparis.com\/wp-content\/uploads\/2025\/06\/cropped-logo-ashtanga-yoga-paris-1.png\",\"width\":2414,\"height\":1089,\"caption\":\"Ashtanga Yoga Paris | Ashtanga Yoga | KPJAYI SYC authorized\"},\"image\":{\"@id\":\"https:\/\/ashtangayogaparis.com\/#\/schema\/logo\/image\/\"},\"sameAs\":[\"https:\/\/www.facebook.com\/cyril.lagel\/\",\"https:\/\/www.instagram.com\/cyrillagel\"]}]}<\/script>\n<!-- \/ Yoast SEO plugin. -->","yoast_head_json":{"title":"Mantra - Ashtanga Yoga Paris | Ashtanga Yoga | KPJAYI SYC authorized","description":"Le mantra d\u2019ouverture est une pens\u00e9e et un acte de r\u00e9v\u00e9rence envers le guru. Il s\u2019agit du premier verset Taravali de Sri Adi.","robots":{"index":"index","follow":"follow","max-snippet":"max-snippet:-1","max-image-preview":"max-image-preview:large","max-video-preview":"max-video-preview:-1"},"canonical":"https:\/\/ashtangayogaparis.com\/index.php\/mantra-ashtanga\/","og_locale":"en_US","og_type":"article","og_title":"Mantra - Ashtanga Yoga Paris | Ashtanga Yoga | KPJAYI SYC authorized","og_description":"Le mantra d\u2019ouverture est une pens\u00e9e et un acte de r\u00e9v\u00e9rence envers le guru. Il s\u2019agit du premier verset Taravali de Sri Adi.","og_url":"https:\/\/ashtangayogaparis.com\/index.php\/mantra-ashtanga\/","og_site_name":"Ashtanga Yoga Paris | Ashtanga Yoga | KPJAYI SYC authorized","article_publisher":"https:\/\/www.facebook.com\/cyril.lagel\/","article_modified_time":"2025-06-16T14:28:47+00:00","og_image":[{"url":"http:\/\/ashtangayogaparis.com\/wp-content\/uploads\/2024\/06\/DSC4187.jpg","type":"","width":"","height":""}],"twitter_card":"summary_large_image","twitter_misc":{"Est. reading time":"3 minutes"},"schema":{"@context":"https:\/\/schema.org","@graph":[{"@type":"WebPage","@id":"https:\/\/ashtangayogaparis.com\/index.php\/mantra-ashtanga\/","url":"https:\/\/ashtangayogaparis.com\/index.php\/mantra-ashtanga\/","name":"Mantra - Ashtanga Yoga Paris | Ashtanga Yoga | KPJAYI SYC authorized","isPartOf":{"@id":"https:\/\/ashtangayogaparis.com\/#website"},"primaryImageOfPage":{"@id":"https:\/\/ashtangayogaparis.com\/index.php\/mantra-ashtanga\/#primaryimage"},"image":{"@id":"https:\/\/ashtangayogaparis.com\/index.php\/mantra-ashtanga\/#primaryimage"},"thumbnailUrl":"http:\/\/ashtangayogaparis.com\/wp-content\/uploads\/2024\/06\/DSC4187.jpg","datePublished":"2023-05-04T14:04:27+00:00","dateModified":"2025-06-16T14:28:47+00:00","description":"Le mantra d\u2019ouverture est une pens\u00e9e et un acte de r\u00e9v\u00e9rence envers le guru. Il s\u2019agit du premier verset Taravali de Sri Adi.","breadcrumb":{"@id":"https:\/\/ashtangayogaparis.com\/index.php\/mantra-ashtanga\/#breadcrumb"},"inLanguage":"en-US","potentialAction":[{"@type":"ReadAction","target":["https:\/\/ashtangayogaparis.com\/index.php\/mantra-ashtanga\/"]}]},{"@type":"ImageObject","inLanguage":"en-US","@id":"https:\/\/ashtangayogaparis.com\/index.php\/mantra-ashtanga\/#primaryimage","url":"https:\/\/ashtangayogaparis.com\/wp-content\/uploads\/2024\/06\/DSC4187.jpg","contentUrl":"https:\/\/ashtangayogaparis.com\/wp-content\/uploads\/2024\/06\/DSC4187.jpg","width":667,"height":1000},{"@type":"BreadcrumbList","@id":"https:\/\/ashtangayogaparis.com\/index.php\/mantra-ashtanga\/#breadcrumb","itemListElement":[{"@type":"ListItem","position":1,"name":"Accueil","item":"https:\/\/ashtangayogaparis.com\/"},{"@type":"ListItem","position":2,"name":"Mantra"}]},{"@type":"WebSite","@id":"https:\/\/ashtangayogaparis.com\/#website","url":"https:\/\/ashtangayogaparis.com\/","name":"Ashtanga Yoga Paris | Ashtanga Yoga | KPJAYI SYC authorized","description":"Yoga Shala, Ashtanga Yoga  par Cyril Lagel professeur autoris\u00e9 KPJAYI &amp; Tran Bui SYC ","publisher":{"@id":"https:\/\/ashtangayogaparis.com\/#organization"},"potentialAction":[{"@type":"SearchAction","target":{"@type":"EntryPoint","urlTemplate":"https:\/\/ashtangayogaparis.com\/?s={search_term_string}"},"query-input":{"@type":"PropertyValueSpecification","valueRequired":true,"valueName":"search_term_string"}}],"inLanguage":"en-US"},{"@type":"Organization","@id":"https:\/\/ashtangayogaparis.com\/#organization","name":"Ashtanga Yoga Paris | Ashtanga Yoga | KPJAYI SYC authorized","url":"https:\/\/ashtangayogaparis.com\/","logo":{"@type":"ImageObject","inLanguage":"en-US","@id":"https:\/\/ashtangayogaparis.com\/#\/schema\/logo\/image\/","url":"https:\/\/ashtangayogaparis.com\/wp-content\/uploads\/2025\/06\/cropped-logo-ashtanga-yoga-paris-1.png","contentUrl":"https:\/\/ashtangayogaparis.com\/wp-content\/uploads\/2025\/06\/cropped-logo-ashtanga-yoga-paris-1.png","width":2414,"height":1089,"caption":"Ashtanga Yoga Paris | Ashtanga Yoga | KPJAYI SYC authorized"},"image":{"@id":"https:\/\/ashtangayogaparis.com\/#\/schema\/logo\/image\/"},"sameAs":["https:\/\/www.facebook.com\/cyril.lagel\/","https:\/\/www.instagram.com\/cyrillagel"]}]}},"_links":{"self":[{"href":"https:\/\/ashtangayogaparis.com\/index.php\/wp-json\/wp\/v2\/pages\/234","targetHints":{"allow":["GET"]}}],"collection":[{"href":"https:\/\/ashtangayogaparis.com\/index.php\/wp-json\/wp\/v2\/pages"}],"about":[{"href":"https:\/\/ashtangayogaparis.com\/index.php\/wp-json\/wp\/v2\/types\/page"}],"author":[{"embeddable":true,"href":"https:\/\/ashtangayogaparis.com\/index.php\/wp-json\/wp\/v2\/users\/1"}],"replies":[{"embeddable":true,"href":"https:\/\/ashtangayogaparis.com\/index.php\/wp-json\/wp\/v2\/comments?post=234"}],"version-history":[{"count":2,"href":"https:\/\/ashtangayogaparis.com\/index.php\/wp-json\/wp\/v2\/pages\/234\/revisions"}],"predecessor-version":[{"id":1053,"href":"https:\/\/ashtangayogaparis.com\/index.php\/wp-json\/wp\/v2\/pages\/234\/revisions\/1053"}],"wp:attachment":[{"href":"https:\/\/ashtangayogaparis.com\/index.php\/wp-json\/wp\/v2\/media?parent=234"}],"curies":[{"name":"wp","href":"https:\/\/api.w.org\/{rel}","templated":true}]}}