{"id":251,"date":"2023-05-04T16:28:19","date_gmt":"2023-05-04T14:28:19","guid":{"rendered":"http:\/\/mysorestyleparis.com\/?page_id=251"},"modified":"2025-06-16T15:56:52","modified_gmt":"2025-06-16T13:56:52","slug":"fiches-illustrees-poster-de-pratique-ashtanga","status":"publish","type":"page","link":"https:\/\/ashtangayogaparis.com\/index.php\/fiches-illustrees-poster-de-pratique-ashtanga\/","title":{"rendered":"Fiches illustr\u00e9es &#038; poster de pratique Ashtanga."},"content":{"rendered":"\n<div class=\"wp-block-cover alignfull is-light\" style=\"padding-top:4vw;padding-right:4vw;padding-bottom:4vw;padding-left:4vw;min-height:66vh;aspect-ratio:unset;\"><img loading=\"lazy\" decoding=\"async\" width=\"667\" height=\"1000\" class=\"wp-block-cover__image-background wp-image-800\" alt=\"Ashtanga mysore Paris\" src=\"http:\/\/ashtangayogaparis.com\/wp-content\/uploads\/2024\/06\/DSC4124.jpg\" style=\"object-position:47% 63%\" data-object-fit=\"cover\" data-object-position=\"47% 63%\" srcset=\"https:\/\/ashtangayogaparis.com\/wp-content\/uploads\/2024\/06\/DSC4124.jpg 667w, https:\/\/ashtangayogaparis.com\/wp-content\/uploads\/2024\/06\/DSC4124-200x300.jpg 200w\" sizes=\"auto, (max-width: 667px) 100vw, 667px\" \/><span aria-hidden=\"true\" class=\"wp-block-cover__background has-black-background-color has-background-dim-10 has-background-dim\"><\/span><div class=\"wp-block-cover__inner-container is-layout-flow wp-block-cover-is-layout-flow\">\n<p class=\"has-text-align-center has-large-font-size\"><\/p>\n<\/div><\/div>\n\n\n\n<p class=\"has-text-color\" style=\"color:#bfab72\">Fiches illustr\u00e9es &amp; poster de la premi\u00e8re s\u00e9rie yoga Chikitsa, deuxi\u00e8me s\u00e9rie Nadi Sodhana et Active s\u00e9rie d&#8217;Ashtanga Yoga.<\/p>\n\n\n\n<p class=\"has-text-color has-link-color wp-elements-2936014203a61fd6745781f9a7bd52f6\" style=\"color:#6f655f\">Conception &amp; illustrations \u00a9cyrillagel \u00a92017 \u00a92025 toute reproduction, sauvegarde, impression, diffusion est interdite.<\/p>\n\n\n\n<p class=\"has-text-color\" style=\"color:#6f655f\">Savez vous exactement dans quel ordre se cadencent les postures ? O\u00f9 regarder ? Combien de respirations rester dans la posture ? S\u2019il faut attraper les orteils ou les pieds ? Comment chanter les&nbsp;mantras d\u2019ouverture et de fermeture?&nbsp;Le nombre de respirations?<\/p>\n\n\n\n<p class=\"has-text-color\" style=\"color:#6f655f\">Sur ces fiches et poster de pratique, chaque posture est illustr\u00e9e et est accompagn\u00e9 d\u2019indications sur les transitions, les drishtis et le nombre de respirations gr\u00e2ce \u00e0 une l\u00e9gende et pictogramme. Vous y trouverez toutes les indications n\u00e9cessaires pour pratiquer et approfondir la premi\u00e8re, la deuxi\u00e8me et active s\u00e9rie d\u2019Ashtanga yoga.&nbsp;<\/p>\n\n\n\n<p class=\"has-text-color\" style=\"color:#6f655f\">Ces fiches et poster sont une aide pour vous aider \u00e0 m\u00e9moriser la s\u00e9quence de postures lorsque que vous souhaitez pratiquer en autonomie la Mysore-Style ou r\u00e9viser les postures entre les cours. Elle ne remplace en aucun cas l\u2019aide d\u2019un.e professeur.e autoris\u00e9.e pour apprendre comment faire les postures.&nbsp;<\/p>\n\n\n\n<p class=\"has-text-color\" style=\"color:#6f655f\">Fiche imprim\u00e9e couleur en format A4 recto \/ verso sur du papier de qualit\u00e9 300gr mat, permettant une utilisation durant la pratique.<\/p>\n\n\n\n<p class=\"has-text-color\" style=\"color:#6f655f\">Poster imprim\u00e9e couleur en format 59,4\u00d784,1cm non plastifi\u00e9, recto sur du papier de qualit\u00e9 120gr mat.<\/p>\n\n\n\n<p class=\"has-text-color\" style=\"color:#6f655f\"><strong>Prix :<\/strong><\/p>\n\n\n\n<p class=\"has-text-color\" style=\"color:#6f655f\">\u2022 Fiche 11\u20ac l\u2019unit\u00e9<\/p>\n\n\n\n<p class=\"has-text-color\" style=\"color:#6f655f\">\u2022 Poster 30\u20ac<\/p>\n\n\n\n<div class=\"wp-block-buttons is-content-justification-center is-layout-flex wp-container-core-buttons-is-layout-16018d1d wp-block-buttons-is-layout-flex\">\n<div class=\"wp-block-button\"><a class=\"wp-block-button__link wp-element-button\" href=\"https:\/\/www.cyrillagelyoga.com\/fiches-illustres\" target=\"_blank\" rel=\"noreferrer noopener\">COMMANDER<\/a><\/div>\n<\/div>\n\n\n\n<hr class=\"wp-block-separator has-alpha-channel-opacity\"\/>\n\n\n\n<figure class=\"wp-block-image size-large\"><img loading=\"lazy\" decoding=\"async\" width=\"1024\" height=\"758\" src=\"http:\/\/ashtangayogaparis.com\/wp-content\/uploads\/2025\/05\/Poster-de-pratique-ashtanga-de-la-premiere-serie-primary-series-Yoga-Chikitsa-et-deuxieme-serie-intermediate-series-Nadi-Sodhana-practice-sheets-1024x758.jpg\" alt=\"Poster de pratique ashtanga de la premi\u00e8re s\u00e9rie primary series Yoga Chikitsa et deuxi\u00e8me s\u00e9rie intermediate series Nadi Sodhana - practice sheets\" class=\"wp-image-952\" srcset=\"https:\/\/ashtangayogaparis.com\/wp-content\/uploads\/2025\/05\/Poster-de-pratique-ashtanga-de-la-premiere-serie-primary-series-Yoga-Chikitsa-et-deuxieme-serie-intermediate-series-Nadi-Sodhana-practice-sheets-1024x758.jpg 1024w, https:\/\/ashtangayogaparis.com\/wp-content\/uploads\/2025\/05\/Poster-de-pratique-ashtanga-de-la-premiere-serie-primary-series-Yoga-Chikitsa-et-deuxieme-serie-intermediate-series-Nadi-Sodhana-practice-sheets-300x222.jpg 300w, https:\/\/ashtangayogaparis.com\/wp-content\/uploads\/2025\/05\/Poster-de-pratique-ashtanga-de-la-premiere-serie-primary-series-Yoga-Chikitsa-et-deuxieme-serie-intermediate-series-Nadi-Sodhana-practice-sheets-768x569.jpg 768w, https:\/\/ashtangayogaparis.com\/wp-content\/uploads\/2025\/05\/Poster-de-pratique-ashtanga-de-la-premiere-serie-primary-series-Yoga-Chikitsa-et-deuxieme-serie-intermediate-series-Nadi-Sodhana-practice-sheets-1536x1137.jpg 1536w, https:\/\/ashtangayogaparis.com\/wp-content\/uploads\/2025\/05\/Poster-de-pratique-ashtanga-de-la-premiere-serie-primary-series-Yoga-Chikitsa-et-deuxieme-serie-intermediate-series-Nadi-Sodhana-practice-sheets-1568x1161.jpg 1568w, https:\/\/ashtangayogaparis.com\/wp-content\/uploads\/2025\/05\/Poster-de-pratique-ashtanga-de-la-premiere-serie-primary-series-Yoga-Chikitsa-et-deuxieme-serie-intermediate-series-Nadi-Sodhana-practice-sheets.jpg 1675w\" sizes=\"auto, (max-width: 1024px) 100vw, 1024px\" \/><\/figure>\n\n\n\n<figure class=\"wp-block-image size-large\"><img loading=\"lazy\" decoding=\"async\" width=\"692\" height=\"1024\" src=\"http:\/\/ashtangayogaparis.com\/wp-content\/uploads\/2025\/05\/Fiches-illustrees-de-pratique-ashtanga-practice-sheets-premiere-serie-primary-series-yoga-chikitsa-recto-692x1024.jpg\" alt=\"Fiches illustr\u00e9es de pratique ashtanga - practice sheets - premi\u00e8re s\u00e9rie - primary series - yoga chikitsa - recto\" class=\"wp-image-953\" srcset=\"https:\/\/ashtangayogaparis.com\/wp-content\/uploads\/2025\/05\/Fiches-illustrees-de-pratique-ashtanga-practice-sheets-premiere-serie-primary-series-yoga-chikitsa-recto-692x1024.jpg 692w, https:\/\/ashtangayogaparis.com\/wp-content\/uploads\/2025\/05\/Fiches-illustrees-de-pratique-ashtanga-practice-sheets-premiere-serie-primary-series-yoga-chikitsa-recto-203x300.jpg 203w, https:\/\/ashtangayogaparis.com\/wp-content\/uploads\/2025\/05\/Fiches-illustrees-de-pratique-ashtanga-practice-sheets-premiere-serie-primary-series-yoga-chikitsa-recto-768x1136.jpg 768w, https:\/\/ashtangayogaparis.com\/wp-content\/uploads\/2025\/05\/Fiches-illustrees-de-pratique-ashtanga-practice-sheets-premiere-serie-primary-series-yoga-chikitsa-recto.jpg 838w\" sizes=\"auto, (max-width: 692px) 100vw, 692px\" \/><\/figure>\n\n\n\n<figure class=\"wp-block-image size-large\"><img loading=\"lazy\" decoding=\"async\" width=\"692\" height=\"1024\" src=\"http:\/\/ashtangayogaparis.com\/wp-content\/uploads\/2025\/05\/Fiches-illustrees-de-pratique-ashtanga-practice-sheets-premiere-serie-primary-series-yoga-chikitsa-verso-692x1024.jpg\" alt=\"Fiches illustr\u00e9es de pratique ashtanga - practice sheets - premi\u00e8re s\u00e9rie - primary series - yoga chikitsa - verso\" class=\"wp-image-955\" srcset=\"https:\/\/ashtangayogaparis.com\/wp-content\/uploads\/2025\/05\/Fiches-illustrees-de-pratique-ashtanga-practice-sheets-premiere-serie-primary-series-yoga-chikitsa-verso-692x1024.jpg 692w, https:\/\/ashtangayogaparis.com\/wp-content\/uploads\/2025\/05\/Fiches-illustrees-de-pratique-ashtanga-practice-sheets-premiere-serie-primary-series-yoga-chikitsa-verso-203x300.jpg 203w, https:\/\/ashtangayogaparis.com\/wp-content\/uploads\/2025\/05\/Fiches-illustrees-de-pratique-ashtanga-practice-sheets-premiere-serie-primary-series-yoga-chikitsa-verso-768x1136.jpg 768w, https:\/\/ashtangayogaparis.com\/wp-content\/uploads\/2025\/05\/Fiches-illustrees-de-pratique-ashtanga-practice-sheets-premiere-serie-primary-series-yoga-chikitsa-verso.jpg 838w\" sizes=\"auto, (max-width: 692px) 100vw, 692px\" \/><\/figure>\n\n\n\n<figure class=\"wp-block-image size-large\"><img loading=\"lazy\" decoding=\"async\" width=\"692\" height=\"1024\" src=\"http:\/\/ashtangayogaparis.com\/wp-content\/uploads\/2025\/05\/Fiches-illustrees-de-pratique-ashtanga-practice-sheets-deuxieme-serie-intermediate-series-nadi-sodhana-recto-692x1024.jpg\" alt=\"Fiches illustr\u00e9es de pratique ashtanga - practice sheets - deuxi\u00e8me s\u00e9rie - intermediate series - nadi sodhana - recto\" class=\"wp-image-956\" srcset=\"https:\/\/ashtangayogaparis.com\/wp-content\/uploads\/2025\/05\/Fiches-illustrees-de-pratique-ashtanga-practice-sheets-deuxieme-serie-intermediate-series-nadi-sodhana-recto-692x1024.jpg 692w, https:\/\/ashtangayogaparis.com\/wp-content\/uploads\/2025\/05\/Fiches-illustrees-de-pratique-ashtanga-practice-sheets-deuxieme-serie-intermediate-series-nadi-sodhana-recto-203x300.jpg 203w, https:\/\/ashtangayogaparis.com\/wp-content\/uploads\/2025\/05\/Fiches-illustrees-de-pratique-ashtanga-practice-sheets-deuxieme-serie-intermediate-series-nadi-sodhana-recto-768x1136.jpg 768w, https:\/\/ashtangayogaparis.com\/wp-content\/uploads\/2025\/05\/Fiches-illustrees-de-pratique-ashtanga-practice-sheets-deuxieme-serie-intermediate-series-nadi-sodhana-recto.jpg 838w\" sizes=\"auto, (max-width: 692px) 100vw, 692px\" \/><\/figure>\n\n\n\n<figure class=\"wp-block-image size-large\"><img loading=\"lazy\" decoding=\"async\" width=\"692\" height=\"1024\" src=\"http:\/\/ashtangayogaparis.com\/wp-content\/uploads\/2025\/05\/Fiches-illustrees-de-pratique-ashtanga-practice-sheets-deuxieme-serie-intermediate-series-nadi-sodhana-verso-692x1024.jpg\" alt=\"Fiches illustr\u00e9es de pratique ashtanga - practice sheets - deuxi\u00e8me s\u00e9rie - intermediate series - nadi sodhana - verso\" class=\"wp-image-957\" srcset=\"https:\/\/ashtangayogaparis.com\/wp-content\/uploads\/2025\/05\/Fiches-illustrees-de-pratique-ashtanga-practice-sheets-deuxieme-serie-intermediate-series-nadi-sodhana-verso-692x1024.jpg 692w, https:\/\/ashtangayogaparis.com\/wp-content\/uploads\/2025\/05\/Fiches-illustrees-de-pratique-ashtanga-practice-sheets-deuxieme-serie-intermediate-series-nadi-sodhana-verso-203x300.jpg 203w, https:\/\/ashtangayogaparis.com\/wp-content\/uploads\/2025\/05\/Fiches-illustrees-de-pratique-ashtanga-practice-sheets-deuxieme-serie-intermediate-series-nadi-sodhana-verso-768x1136.jpg 768w, https:\/\/ashtangayogaparis.com\/wp-content\/uploads\/2025\/05\/Fiches-illustrees-de-pratique-ashtanga-practice-sheets-deuxieme-serie-intermediate-series-nadi-sodhana-verso.jpg 838w\" sizes=\"auto, (max-width: 692px) 100vw, 692px\" \/><\/figure>\n\n\n\n<figure class=\"wp-block-image size-large\"><img loading=\"lazy\" decoding=\"async\" width=\"691\" height=\"1024\" src=\"http:\/\/ashtangayogaparis.com\/wp-content\/uploads\/2025\/05\/Fiche-illustree-de-pratique-ashtanga-practice-sheets-active-series-recto-691x1024.jpg\" alt=\"Fiche illustr\u00e9e de pratique ashtanga - practice sheets - active series - recto\" class=\"wp-image-958\" srcset=\"https:\/\/ashtangayogaparis.com\/wp-content\/uploads\/2025\/05\/Fiche-illustree-de-pratique-ashtanga-practice-sheets-active-series-recto-691x1024.jpg 691w, https:\/\/ashtangayogaparis.com\/wp-content\/uploads\/2025\/05\/Fiche-illustree-de-pratique-ashtanga-practice-sheets-active-series-recto-203x300.jpg 203w, https:\/\/ashtangayogaparis.com\/wp-content\/uploads\/2025\/05\/Fiche-illustree-de-pratique-ashtanga-practice-sheets-active-series-recto-768x1138.jpg 768w, https:\/\/ashtangayogaparis.com\/wp-content\/uploads\/2025\/05\/Fiche-illustree-de-pratique-ashtanga-practice-sheets-active-series-recto.jpg 837w\" sizes=\"auto, (max-width: 691px) 100vw, 691px\" \/><\/figure>\n\n\n\n<figure class=\"wp-block-image size-large\"><img loading=\"lazy\" decoding=\"async\" width=\"691\" height=\"1024\" src=\"http:\/\/ashtangayogaparis.com\/wp-content\/uploads\/2025\/05\/Fiche-illustree-de-pratique-ashtanga-practice-sheets-active-series-verso-691x1024.jpg\" alt=\"Fiche illustr\u00e9e de pratique ashtanga - practice sheets - active series - recto\" class=\"wp-image-959\" srcset=\"https:\/\/ashtangayogaparis.com\/wp-content\/uploads\/2025\/05\/Fiche-illustree-de-pratique-ashtanga-practice-sheets-active-series-verso-691x1024.jpg 691w, https:\/\/ashtangayogaparis.com\/wp-content\/uploads\/2025\/05\/Fiche-illustree-de-pratique-ashtanga-practice-sheets-active-series-verso-203x300.jpg 203w, https:\/\/ashtangayogaparis.com\/wp-content\/uploads\/2025\/05\/Fiche-illustree-de-pratique-ashtanga-practice-sheets-active-series-verso-768x1138.jpg 768w, https:\/\/ashtangayogaparis.com\/wp-content\/uploads\/2025\/05\/Fiche-illustree-de-pratique-ashtanga-practice-sheets-active-series-verso.jpg 837w\" sizes=\"auto, (max-width: 691px) 100vw, 691px\" \/><\/figure>\n\n\n\n<figure class=\"wp-block-image size-large\"><img loading=\"lazy\" decoding=\"async\" width=\"1024\" height=\"759\" src=\"http:\/\/ashtangayogaparis.com\/wp-content\/uploads\/2025\/05\/Poster-de-pratique-ashtanga-de-active-series-practice-sheets-1024x759.jpg\" alt=\"Poster de pratique ashtanga de active series - practice sheets\" class=\"wp-image-960\" srcset=\"https:\/\/ashtangayogaparis.com\/wp-content\/uploads\/2025\/05\/Poster-de-pratique-ashtanga-de-active-series-practice-sheets-1024x759.jpg 1024w, https:\/\/ashtangayogaparis.com\/wp-content\/uploads\/2025\/05\/Poster-de-pratique-ashtanga-de-active-series-practice-sheets-300x222.jpg 300w, https:\/\/ashtangayogaparis.com\/wp-content\/uploads\/2025\/05\/Poster-de-pratique-ashtanga-de-active-series-practice-sheets-768x570.jpg 768w, https:\/\/ashtangayogaparis.com\/wp-content\/uploads\/2025\/05\/Poster-de-pratique-ashtanga-de-active-series-practice-sheets-1536x1139.jpg 1536w, https:\/\/ashtangayogaparis.com\/wp-content\/uploads\/2025\/05\/Poster-de-pratique-ashtanga-de-active-series-practice-sheets-1568x1163.jpg 1568w, https:\/\/ashtangayogaparis.com\/wp-content\/uploads\/2025\/05\/Poster-de-pratique-ashtanga-de-active-series-practice-sheets.jpg 1672w\" sizes=\"auto, (max-width: 1024px) 100vw, 1024px\" \/><\/figure>\n\n\n\n<p class=\"has-text-color has-link-color wp-elements-edc9c9482c71dfd7194186804f39d68c\" style=\"color:#6f655f\"><a href=\"https:\/\/ashtangayogaparis.com\/index.php\/blessure\/\">Blessure ?<\/a><\/p>\n","protected":false},"excerpt":{"rendered":"<p>Fiches illustr\u00e9es &amp; poster de la premi\u00e8re s\u00e9rie yoga Chikitsa, deuxi\u00e8me s\u00e9rie Nadi Sodhana et Active s\u00e9rie d&#8217;Ashtanga Yoga. Conception &amp; illustrations \u00a9cyrillagel \u00a92017 \u00a92025 toute reproduction, sauvegarde, impression, diffusion est interdite. Savez vous exactement dans quel ordre se cadencent les postures ? O\u00f9 regarder ? Combien de respirations rester dans la posture ? S\u2019il&hellip; <a class=\"more-link\" href=\"https:\/\/ashtangayogaparis.com\/index.php\/fiches-illustrees-poster-de-pratique-ashtanga\/\">Continue reading <span class=\"screen-reader-text\">Fiches illustr\u00e9es &#038; poster de pratique Ashtanga.<\/span><\/a><\/p>\n","protected":false},"author":1,"featured_media":0,"parent":0,"menu_order":0,"comment_status":"closed","ping_status":"closed","template":"","meta":{"footnotes":""},"class_list":["post-251","page","type-page","status-publish","hentry","entry"],"yoast_head":"<!-- This site is optimized with the Yoast SEO plugin v27.0 - https:\/\/yoast.com\/product\/yoast-seo-wordpress\/ -->\n<title>Fiches illustr\u00e9es &amp; poster de pratique Ashtanga. - Ashtanga Yoga Paris | Ashtanga Yoga | KPJAYI SYC authorized<\/title>\n<meta name=\"description\" content=\"Fiches illustr\u00e9es &amp; poster de pratique Ashtanga. Savez vous exactement dans quel ordre se cadencent les postures ? O\u00f9 regarder ?\" \/>\n<meta name=\"robots\" content=\"index, follow, max-snippet:-1, max-image-preview:large, max-video-preview:-1\" \/>\n<link rel=\"canonical\" href=\"https:\/\/ashtangayogaparis.com\/index.php\/fiches-illustrees-poster-de-pratique-ashtanga\/\" \/>\n<meta property=\"og:locale\" content=\"en_US\" \/>\n<meta property=\"og:type\" content=\"article\" \/>\n<meta property=\"og:title\" content=\"Fiches illustr\u00e9es &amp; poster de pratique Ashtanga. - Ashtanga Yoga Paris | Ashtanga Yoga | KPJAYI SYC authorized\" \/>\n<meta property=\"og:description\" content=\"Fiches illustr\u00e9es &amp; poster de pratique Ashtanga. Savez vous exactement dans quel ordre se cadencent les postures ? O\u00f9 regarder ?\" \/>\n<meta property=\"og:url\" content=\"https:\/\/ashtangayogaparis.com\/index.php\/fiches-illustrees-poster-de-pratique-ashtanga\/\" \/>\n<meta property=\"og:site_name\" content=\"Ashtanga Yoga Paris | Ashtanga Yoga | KPJAYI SYC authorized\" \/>\n<meta property=\"article:publisher\" content=\"https:\/\/www.facebook.com\/cyril.lagel\/\" \/>\n<meta property=\"article:modified_time\" content=\"2025-06-16T13:56:52+00:00\" \/>\n<meta property=\"og:image\" content=\"http:\/\/ashtangayogaparis.com\/wp-content\/uploads\/2024\/06\/DSC4124.jpg\" \/>\n<meta name=\"twitter:card\" content=\"summary_large_image\" \/>\n<meta name=\"twitter:label1\" content=\"Est. reading time\" \/>\n\t<meta name=\"twitter:data1\" content=\"3 minutes\" \/>\n<script type=\"application\/ld+json\" class=\"yoast-schema-graph\">{\"@context\":\"https:\/\/schema.org\",\"@graph\":[{\"@type\":\"WebPage\",\"@id\":\"https:\/\/ashtangayogaparis.com\/index.php\/fiches-illustrees-poster-de-pratique-ashtanga\/\",\"url\":\"https:\/\/ashtangayogaparis.com\/index.php\/fiches-illustrees-poster-de-pratique-ashtanga\/\",\"name\":\"Fiches illustr\u00e9es & poster de pratique Ashtanga. - Ashtanga Yoga Paris | Ashtanga Yoga | KPJAYI SYC authorized\",\"isPartOf\":{\"@id\":\"https:\/\/ashtangayogaparis.com\/#website\"},\"primaryImageOfPage\":{\"@id\":\"https:\/\/ashtangayogaparis.com\/index.php\/fiches-illustrees-poster-de-pratique-ashtanga\/#primaryimage\"},\"image\":{\"@id\":\"https:\/\/ashtangayogaparis.com\/index.php\/fiches-illustrees-poster-de-pratique-ashtanga\/#primaryimage\"},\"thumbnailUrl\":\"http:\/\/ashtangayogaparis.com\/wp-content\/uploads\/2024\/06\/DSC4124.jpg\",\"datePublished\":\"2023-05-04T14:28:19+00:00\",\"dateModified\":\"2025-06-16T13:56:52+00:00\",\"description\":\"Fiches illustr\u00e9es & poster de pratique Ashtanga. Savez vous exactement dans quel ordre se cadencent les postures ? O\u00f9 regarder ?\",\"breadcrumb\":{\"@id\":\"https:\/\/ashtangayogaparis.com\/index.php\/fiches-illustrees-poster-de-pratique-ashtanga\/#breadcrumb\"},\"inLanguage\":\"en-US\",\"potentialAction\":[{\"@type\":\"ReadAction\",\"target\":[\"https:\/\/ashtangayogaparis.com\/index.php\/fiches-illustrees-poster-de-pratique-ashtanga\/\"]}]},{\"@type\":\"ImageObject\",\"inLanguage\":\"en-US\",\"@id\":\"https:\/\/ashtangayogaparis.com\/index.php\/fiches-illustrees-poster-de-pratique-ashtanga\/#primaryimage\",\"url\":\"https:\/\/ashtangayogaparis.com\/wp-content\/uploads\/2024\/06\/DSC4124.jpg\",\"contentUrl\":\"https:\/\/ashtangayogaparis.com\/wp-content\/uploads\/2024\/06\/DSC4124.jpg\",\"width\":667,\"height\":1000},{\"@type\":\"BreadcrumbList\",\"@id\":\"https:\/\/ashtangayogaparis.com\/index.php\/fiches-illustrees-poster-de-pratique-ashtanga\/#breadcrumb\",\"itemListElement\":[{\"@type\":\"ListItem\",\"position\":1,\"name\":\"Accueil\",\"item\":\"https:\/\/ashtangayogaparis.com\/\"},{\"@type\":\"ListItem\",\"position\":2,\"name\":\"Fiches illustr\u00e9es &#038; poster de pratique Ashtanga.\"}]},{\"@type\":\"WebSite\",\"@id\":\"https:\/\/ashtangayogaparis.com\/#website\",\"url\":\"https:\/\/ashtangayogaparis.com\/\",\"name\":\"Ashtanga Yoga Paris | Ashtanga Yoga | KPJAYI SYC authorized\",\"description\":\"Yoga Shala, Ashtanga Yoga  par Cyril Lagel professeur autoris\u00e9 KPJAYI &amp; Tran Bui SYC \",\"publisher\":{\"@id\":\"https:\/\/ashtangayogaparis.com\/#organization\"},\"potentialAction\":[{\"@type\":\"SearchAction\",\"target\":{\"@type\":\"EntryPoint\",\"urlTemplate\":\"https:\/\/ashtangayogaparis.com\/?s={search_term_string}\"},\"query-input\":{\"@type\":\"PropertyValueSpecification\",\"valueRequired\":true,\"valueName\":\"search_term_string\"}}],\"inLanguage\":\"en-US\"},{\"@type\":\"Organization\",\"@id\":\"https:\/\/ashtangayogaparis.com\/#organization\",\"name\":\"Ashtanga Yoga Paris | Ashtanga Yoga | KPJAYI SYC authorized\",\"url\":\"https:\/\/ashtangayogaparis.com\/\",\"logo\":{\"@type\":\"ImageObject\",\"inLanguage\":\"en-US\",\"@id\":\"https:\/\/ashtangayogaparis.com\/#\/schema\/logo\/image\/\",\"url\":\"https:\/\/ashtangayogaparis.com\/wp-content\/uploads\/2025\/06\/cropped-logo-ashtanga-yoga-paris-1.png\",\"contentUrl\":\"https:\/\/ashtangayogaparis.com\/wp-content\/uploads\/2025\/06\/cropped-logo-ashtanga-yoga-paris-1.png\",\"width\":2414,\"height\":1089,\"caption\":\"Ashtanga Yoga Paris | Ashtanga Yoga | KPJAYI SYC authorized\"},\"image\":{\"@id\":\"https:\/\/ashtangayogaparis.com\/#\/schema\/logo\/image\/\"},\"sameAs\":[\"https:\/\/www.facebook.com\/cyril.lagel\/\",\"https:\/\/www.instagram.com\/cyrillagel\"]}]}<\/script>\n<!-- \/ Yoast SEO plugin. -->","yoast_head_json":{"title":"Fiches illustr\u00e9es & poster de pratique Ashtanga. - Ashtanga Yoga Paris | Ashtanga Yoga | KPJAYI SYC authorized","description":"Fiches illustr\u00e9es & poster de pratique Ashtanga. Savez vous exactement dans quel ordre se cadencent les postures ? O\u00f9 regarder ?","robots":{"index":"index","follow":"follow","max-snippet":"max-snippet:-1","max-image-preview":"max-image-preview:large","max-video-preview":"max-video-preview:-1"},"canonical":"https:\/\/ashtangayogaparis.com\/index.php\/fiches-illustrees-poster-de-pratique-ashtanga\/","og_locale":"en_US","og_type":"article","og_title":"Fiches illustr\u00e9es & poster de pratique Ashtanga. - Ashtanga Yoga Paris | Ashtanga Yoga | KPJAYI SYC authorized","og_description":"Fiches illustr\u00e9es & poster de pratique Ashtanga. Savez vous exactement dans quel ordre se cadencent les postures ? O\u00f9 regarder ?","og_url":"https:\/\/ashtangayogaparis.com\/index.php\/fiches-illustrees-poster-de-pratique-ashtanga\/","og_site_name":"Ashtanga Yoga Paris | Ashtanga Yoga | KPJAYI SYC authorized","article_publisher":"https:\/\/www.facebook.com\/cyril.lagel\/","article_modified_time":"2025-06-16T13:56:52+00:00","og_image":[{"url":"http:\/\/ashtangayogaparis.com\/wp-content\/uploads\/2024\/06\/DSC4124.jpg","type":"","width":"","height":""}],"twitter_card":"summary_large_image","twitter_misc":{"Est. reading time":"3 minutes"},"schema":{"@context":"https:\/\/schema.org","@graph":[{"@type":"WebPage","@id":"https:\/\/ashtangayogaparis.com\/index.php\/fiches-illustrees-poster-de-pratique-ashtanga\/","url":"https:\/\/ashtangayogaparis.com\/index.php\/fiches-illustrees-poster-de-pratique-ashtanga\/","name":"Fiches illustr\u00e9es & poster de pratique Ashtanga. - Ashtanga Yoga Paris | Ashtanga Yoga | KPJAYI SYC authorized","isPartOf":{"@id":"https:\/\/ashtangayogaparis.com\/#website"},"primaryImageOfPage":{"@id":"https:\/\/ashtangayogaparis.com\/index.php\/fiches-illustrees-poster-de-pratique-ashtanga\/#primaryimage"},"image":{"@id":"https:\/\/ashtangayogaparis.com\/index.php\/fiches-illustrees-poster-de-pratique-ashtanga\/#primaryimage"},"thumbnailUrl":"http:\/\/ashtangayogaparis.com\/wp-content\/uploads\/2024\/06\/DSC4124.jpg","datePublished":"2023-05-04T14:28:19+00:00","dateModified":"2025-06-16T13:56:52+00:00","description":"Fiches illustr\u00e9es & poster de pratique Ashtanga. Savez vous exactement dans quel ordre se cadencent les postures ? O\u00f9 regarder ?","breadcrumb":{"@id":"https:\/\/ashtangayogaparis.com\/index.php\/fiches-illustrees-poster-de-pratique-ashtanga\/#breadcrumb"},"inLanguage":"en-US","potentialAction":[{"@type":"ReadAction","target":["https:\/\/ashtangayogaparis.com\/index.php\/fiches-illustrees-poster-de-pratique-ashtanga\/"]}]},{"@type":"ImageObject","inLanguage":"en-US","@id":"https:\/\/ashtangayogaparis.com\/index.php\/fiches-illustrees-poster-de-pratique-ashtanga\/#primaryimage","url":"https:\/\/ashtangayogaparis.com\/wp-content\/uploads\/2024\/06\/DSC4124.jpg","contentUrl":"https:\/\/ashtangayogaparis.com\/wp-content\/uploads\/2024\/06\/DSC4124.jpg","width":667,"height":1000},{"@type":"BreadcrumbList","@id":"https:\/\/ashtangayogaparis.com\/index.php\/fiches-illustrees-poster-de-pratique-ashtanga\/#breadcrumb","itemListElement":[{"@type":"ListItem","position":1,"name":"Accueil","item":"https:\/\/ashtangayogaparis.com\/"},{"@type":"ListItem","position":2,"name":"Fiches illustr\u00e9es &#038; poster de pratique Ashtanga."}]},{"@type":"WebSite","@id":"https:\/\/ashtangayogaparis.com\/#website","url":"https:\/\/ashtangayogaparis.com\/","name":"Ashtanga Yoga Paris | Ashtanga Yoga | KPJAYI SYC authorized","description":"Yoga Shala, Ashtanga Yoga  par Cyril Lagel professeur autoris\u00e9 KPJAYI &amp; Tran Bui SYC ","publisher":{"@id":"https:\/\/ashtangayogaparis.com\/#organization"},"potentialAction":[{"@type":"SearchAction","target":{"@type":"EntryPoint","urlTemplate":"https:\/\/ashtangayogaparis.com\/?s={search_term_string}"},"query-input":{"@type":"PropertyValueSpecification","valueRequired":true,"valueName":"search_term_string"}}],"inLanguage":"en-US"},{"@type":"Organization","@id":"https:\/\/ashtangayogaparis.com\/#organization","name":"Ashtanga Yoga Paris | Ashtanga Yoga | KPJAYI SYC authorized","url":"https:\/\/ashtangayogaparis.com\/","logo":{"@type":"ImageObject","inLanguage":"en-US","@id":"https:\/\/ashtangayogaparis.com\/#\/schema\/logo\/image\/","url":"https:\/\/ashtangayogaparis.com\/wp-content\/uploads\/2025\/06\/cropped-logo-ashtanga-yoga-paris-1.png","contentUrl":"https:\/\/ashtangayogaparis.com\/wp-content\/uploads\/2025\/06\/cropped-logo-ashtanga-yoga-paris-1.png","width":2414,"height":1089,"caption":"Ashtanga Yoga Paris | Ashtanga Yoga | KPJAYI SYC authorized"},"image":{"@id":"https:\/\/ashtangayogaparis.com\/#\/schema\/logo\/image\/"},"sameAs":["https:\/\/www.facebook.com\/cyril.lagel\/","https:\/\/www.instagram.com\/cyrillagel"]}]}},"_links":{"self":[{"href":"https:\/\/ashtangayogaparis.com\/index.php\/wp-json\/wp\/v2\/pages\/251","targetHints":{"allow":["GET"]}}],"collection":[{"href":"https:\/\/ashtangayogaparis.com\/index.php\/wp-json\/wp\/v2\/pages"}],"about":[{"href":"https:\/\/ashtangayogaparis.com\/index.php\/wp-json\/wp\/v2\/types\/page"}],"author":[{"embeddable":true,"href":"https:\/\/ashtangayogaparis.com\/index.php\/wp-json\/wp\/v2\/users\/1"}],"replies":[{"embeddable":true,"href":"https:\/\/ashtangayogaparis.com\/index.php\/wp-json\/wp\/v2\/comments?post=251"}],"version-history":[{"count":2,"href":"https:\/\/ashtangayogaparis.com\/index.php\/wp-json\/wp\/v2\/pages\/251\/revisions"}],"predecessor-version":[{"id":1055,"href":"https:\/\/ashtangayogaparis.com\/index.php\/wp-json\/wp\/v2\/pages\/251\/revisions\/1055"}],"wp:attachment":[{"href":"https:\/\/ashtangayogaparis.com\/index.php\/wp-json\/wp\/v2\/media?parent=251"}],"curies":[{"name":"wp","href":"https:\/\/api.w.org\/{rel}","templated":true}]}}