{"id":268,"date":"2023-05-04T16:37:00","date_gmt":"2023-05-04T14:37:00","guid":{"rendered":"http:\/\/mysorestyleparis.com\/?page_id=268"},"modified":"2025-06-16T15:55:50","modified_gmt":"2025-06-16T13:55:50","slug":"ashtanga-grossesse","status":"publish","type":"page","link":"https:\/\/ashtangayogaparis.com\/index.php\/ashtanga-grossesse\/","title":{"rendered":"Ashtanga  &amp; Grossesse"},"content":{"rendered":"\n<div class=\"wp-block-cover alignfull is-light\" style=\"padding-top:4vw;padding-right:4vw;padding-bottom:4vw;padding-left:4vw;min-height:66vh;aspect-ratio:unset;\"><img loading=\"lazy\" decoding=\"async\" width=\"667\" height=\"1000\" class=\"wp-block-cover__image-background wp-image-765\" alt=\"Vinyasa transition ashtanga Paris\" src=\"http:\/\/ashtangayogaparis.com\/wp-content\/uploads\/2024\/06\/DSC3883.jpg\" style=\"object-position:25% 78%\" data-object-fit=\"cover\" data-object-position=\"25% 78%\" srcset=\"https:\/\/ashtangayogaparis.com\/wp-content\/uploads\/2024\/06\/DSC3883.jpg 667w, https:\/\/ashtangayogaparis.com\/wp-content\/uploads\/2024\/06\/DSC3883-200x300.jpg 200w\" sizes=\"auto, (max-width: 667px) 100vw, 667px\" \/><span aria-hidden=\"true\" class=\"wp-block-cover__background has-black-background-color has-background-dim-10 has-background-dim\"><\/span><div class=\"wp-block-cover__inner-container is-layout-flow wp-block-cover-is-layout-flow\">\n<p class=\"has-text-align-center has-large-font-size\"><\/p>\n<\/div><\/div>\n\n\n\n<p class=\"has-text-color\" style=\"color:#6f655f\">On recommande aux femmes enceintes de ne pas pratiquer la Mysore pendant les trois premiers mois de la grossesse et les 6 \u00e0 8 premi\u00e8res semaines apr\u00e8s l\u2019accouchement. Chaque femme est diff\u00e9rente et vivra sa grossesse de mani\u00e8re unique. Il n\u2019y a donc pas de r\u00e8gle absolue y compris dans la pratique. Cependant on peut souvent constater que chez les pratiquantes d\u2019Ashtanga yoga, une pratique adapt\u00e9e entre le 4e&nbsp;et le 9e&nbsp;mois de la grossesse peut \u00eatre tr\u00e8s b\u00e9n\u00e9fique \u00e0 condition d\u2019\u00eatre accompagn\u00e9e scrupuleusement par un\u00b7e enseignant\u00b7e comp\u00e9tent\u00b7e. Par exemple, il faudra veiller \u00e0 ne faire aucun saut pour \u00e9viter les impacts et adapter toutes les postures en torsion. Idem, apr\u00e8s l\u2019accouchement, il faudra veiller \u00e0 reprendre la pratique doucement pour ne pas brusquer le corps.<\/p>\n\n\n\n<figure class=\"wp-block-image size-large\"><img decoding=\"async\" src=\"https:\/\/mysorestyleparis.com\/wp-content\/uploads\/2024\/03\/mysore-grossesse-1-1024x811.jpg\" alt=\"Ashtanga &amp; Grossesse\" class=\"wp-image-573\"\/><\/figure>\n\n\n\n<p class=\"has-text-color has-link-color wp-elements-20f475adbca2bd971327c322a5a0efef\" style=\"color:#6f655f\"><a href=\"https:\/\/ashtangayogaparis.com\/index.php\/mysore-infos\/\">Mysore Style infos<\/a><\/p>\n\n\n\n<p class=\"has-text-color has-link-color wp-elements-937cf1529b47f2feef04f6ae4e1c6b83\" style=\"color:#6f655f\"><a href=\"https:\/\/www.cyrillagelyoga.com\/temoignage-grossesse\" target=\"_blank\" rel=\"noreferrer noopener\">T\u00e9moignage de grossesse<\/a><\/p>\n","protected":false},"excerpt":{"rendered":"<p>On recommande aux femmes enceintes de ne pas pratiquer la Mysore pendant les trois premiers mois de la grossesse et les 6 \u00e0 8 premi\u00e8res semaines apr\u00e8s l\u2019accouchement. Chaque femme est diff\u00e9rente et vivra sa grossesse de mani\u00e8re unique. Il n\u2019y a donc pas de r\u00e8gle absolue y compris dans la pratique. Cependant on peut&hellip; <a class=\"more-link\" href=\"https:\/\/ashtangayogaparis.com\/index.php\/ashtanga-grossesse\/\">Continue reading <span class=\"screen-reader-text\">Ashtanga  &amp; Grossesse<\/span><\/a><\/p>\n","protected":false},"author":1,"featured_media":0,"parent":0,"menu_order":0,"comment_status":"closed","ping_status":"closed","template":"","meta":{"footnotes":""},"class_list":["post-268","page","type-page","status-publish","hentry","entry"],"yoast_head":"<!-- This site is optimized with the Yoast SEO plugin v27.0 - https:\/\/yoast.com\/product\/yoast-seo-wordpress\/ -->\n<title>Ashtanga &amp; Grossesse - Ashtanga Yoga Paris | Ashtanga Yoga | KPJAYI SYC authorized<\/title>\n<meta name=\"description\" content=\"On recommande aux femmes enceintes de ne pas pratiquer l&#039;Ashtanga pendant les trois premiers mois de la grossesse.\" \/>\n<meta name=\"robots\" content=\"index, follow, max-snippet:-1, max-image-preview:large, max-video-preview:-1\" \/>\n<link rel=\"canonical\" href=\"https:\/\/ashtangayogaparis.com\/index.php\/ashtanga-grossesse\/\" \/>\n<meta property=\"og:locale\" content=\"en_US\" \/>\n<meta property=\"og:type\" content=\"article\" \/>\n<meta property=\"og:title\" content=\"Ashtanga &amp; Grossesse - Ashtanga Yoga Paris | Ashtanga Yoga | KPJAYI SYC authorized\" \/>\n<meta property=\"og:description\" content=\"On recommande aux femmes enceintes de ne pas pratiquer l&#039;Ashtanga pendant les trois premiers mois de la grossesse.\" \/>\n<meta property=\"og:url\" content=\"https:\/\/ashtangayogaparis.com\/index.php\/ashtanga-grossesse\/\" \/>\n<meta property=\"og:site_name\" content=\"Ashtanga Yoga Paris | Ashtanga Yoga | KPJAYI SYC authorized\" \/>\n<meta property=\"article:publisher\" content=\"https:\/\/www.facebook.com\/cyril.lagel\/\" \/>\n<meta property=\"article:modified_time\" content=\"2025-06-16T13:55:50+00:00\" \/>\n<meta property=\"og:image\" content=\"http:\/\/ashtangayogaparis.com\/wp-content\/uploads\/2024\/06\/DSC3883.jpg\" \/>\n<meta name=\"twitter:card\" content=\"summary_large_image\" \/>\n<meta name=\"twitter:label1\" content=\"Est. reading time\" \/>\n\t<meta name=\"twitter:data1\" content=\"2 minutes\" \/>\n<script type=\"application\/ld+json\" class=\"yoast-schema-graph\">{\"@context\":\"https:\/\/schema.org\",\"@graph\":[{\"@type\":\"WebPage\",\"@id\":\"https:\/\/ashtangayogaparis.com\/index.php\/ashtanga-grossesse\/\",\"url\":\"https:\/\/ashtangayogaparis.com\/index.php\/ashtanga-grossesse\/\",\"name\":\"Ashtanga &amp; Grossesse - Ashtanga Yoga Paris | Ashtanga Yoga | KPJAYI SYC authorized\",\"isPartOf\":{\"@id\":\"https:\/\/ashtangayogaparis.com\/#website\"},\"primaryImageOfPage\":{\"@id\":\"https:\/\/ashtangayogaparis.com\/index.php\/ashtanga-grossesse\/#primaryimage\"},\"image\":{\"@id\":\"https:\/\/ashtangayogaparis.com\/index.php\/ashtanga-grossesse\/#primaryimage\"},\"thumbnailUrl\":\"http:\/\/ashtangayogaparis.com\/wp-content\/uploads\/2024\/06\/DSC3883.jpg\",\"datePublished\":\"2023-05-04T14:37:00+00:00\",\"dateModified\":\"2025-06-16T13:55:50+00:00\",\"description\":\"On recommande aux femmes enceintes de ne pas pratiquer l'Ashtanga pendant les trois premiers mois de la grossesse.\",\"breadcrumb\":{\"@id\":\"https:\/\/ashtangayogaparis.com\/index.php\/ashtanga-grossesse\/#breadcrumb\"},\"inLanguage\":\"en-US\",\"potentialAction\":[{\"@type\":\"ReadAction\",\"target\":[\"https:\/\/ashtangayogaparis.com\/index.php\/ashtanga-grossesse\/\"]}]},{\"@type\":\"ImageObject\",\"inLanguage\":\"en-US\",\"@id\":\"https:\/\/ashtangayogaparis.com\/index.php\/ashtanga-grossesse\/#primaryimage\",\"url\":\"https:\/\/ashtangayogaparis.com\/wp-content\/uploads\/2024\/06\/DSC3883.jpg\",\"contentUrl\":\"https:\/\/ashtangayogaparis.com\/wp-content\/uploads\/2024\/06\/DSC3883.jpg\",\"width\":667,\"height\":1000},{\"@type\":\"BreadcrumbList\",\"@id\":\"https:\/\/ashtangayogaparis.com\/index.php\/ashtanga-grossesse\/#breadcrumb\",\"itemListElement\":[{\"@type\":\"ListItem\",\"position\":1,\"name\":\"Accueil\",\"item\":\"https:\/\/ashtangayogaparis.com\/\"},{\"@type\":\"ListItem\",\"position\":2,\"name\":\"Ashtanga &amp; Grossesse\"}]},{\"@type\":\"WebSite\",\"@id\":\"https:\/\/ashtangayogaparis.com\/#website\",\"url\":\"https:\/\/ashtangayogaparis.com\/\",\"name\":\"Ashtanga Yoga Paris | Ashtanga Yoga | KPJAYI SYC authorized\",\"description\":\"Yoga Shala, Ashtanga Yoga  par Cyril Lagel professeur autoris\u00e9 KPJAYI &amp; Tran Bui SYC \",\"publisher\":{\"@id\":\"https:\/\/ashtangayogaparis.com\/#organization\"},\"potentialAction\":[{\"@type\":\"SearchAction\",\"target\":{\"@type\":\"EntryPoint\",\"urlTemplate\":\"https:\/\/ashtangayogaparis.com\/?s={search_term_string}\"},\"query-input\":{\"@type\":\"PropertyValueSpecification\",\"valueRequired\":true,\"valueName\":\"search_term_string\"}}],\"inLanguage\":\"en-US\"},{\"@type\":\"Organization\",\"@id\":\"https:\/\/ashtangayogaparis.com\/#organization\",\"name\":\"Ashtanga Yoga Paris | Ashtanga Yoga | KPJAYI SYC authorized\",\"url\":\"https:\/\/ashtangayogaparis.com\/\",\"logo\":{\"@type\":\"ImageObject\",\"inLanguage\":\"en-US\",\"@id\":\"https:\/\/ashtangayogaparis.com\/#\/schema\/logo\/image\/\",\"url\":\"https:\/\/ashtangayogaparis.com\/wp-content\/uploads\/2025\/06\/cropped-logo-ashtanga-yoga-paris-1.png\",\"contentUrl\":\"https:\/\/ashtangayogaparis.com\/wp-content\/uploads\/2025\/06\/cropped-logo-ashtanga-yoga-paris-1.png\",\"width\":2414,\"height\":1089,\"caption\":\"Ashtanga Yoga Paris | Ashtanga Yoga | KPJAYI SYC authorized\"},\"image\":{\"@id\":\"https:\/\/ashtangayogaparis.com\/#\/schema\/logo\/image\/\"},\"sameAs\":[\"https:\/\/www.facebook.com\/cyril.lagel\/\",\"https:\/\/www.instagram.com\/cyrillagel\"]}]}<\/script>\n<!-- \/ Yoast SEO plugin. -->","yoast_head_json":{"title":"Ashtanga &amp; Grossesse - Ashtanga Yoga Paris | Ashtanga Yoga | KPJAYI SYC authorized","description":"On recommande aux femmes enceintes de ne pas pratiquer l'Ashtanga pendant les trois premiers mois de la grossesse.","robots":{"index":"index","follow":"follow","max-snippet":"max-snippet:-1","max-image-preview":"max-image-preview:large","max-video-preview":"max-video-preview:-1"},"canonical":"https:\/\/ashtangayogaparis.com\/index.php\/ashtanga-grossesse\/","og_locale":"en_US","og_type":"article","og_title":"Ashtanga &amp; Grossesse - Ashtanga Yoga Paris | Ashtanga Yoga | KPJAYI SYC authorized","og_description":"On recommande aux femmes enceintes de ne pas pratiquer l'Ashtanga pendant les trois premiers mois de la grossesse.","og_url":"https:\/\/ashtangayogaparis.com\/index.php\/ashtanga-grossesse\/","og_site_name":"Ashtanga Yoga Paris | Ashtanga Yoga | KPJAYI SYC authorized","article_publisher":"https:\/\/www.facebook.com\/cyril.lagel\/","article_modified_time":"2025-06-16T13:55:50+00:00","og_image":[{"url":"http:\/\/ashtangayogaparis.com\/wp-content\/uploads\/2024\/06\/DSC3883.jpg","type":"","width":"","height":""}],"twitter_card":"summary_large_image","twitter_misc":{"Est. reading time":"2 minutes"},"schema":{"@context":"https:\/\/schema.org","@graph":[{"@type":"WebPage","@id":"https:\/\/ashtangayogaparis.com\/index.php\/ashtanga-grossesse\/","url":"https:\/\/ashtangayogaparis.com\/index.php\/ashtanga-grossesse\/","name":"Ashtanga &amp; Grossesse - Ashtanga Yoga Paris | Ashtanga Yoga | KPJAYI SYC authorized","isPartOf":{"@id":"https:\/\/ashtangayogaparis.com\/#website"},"primaryImageOfPage":{"@id":"https:\/\/ashtangayogaparis.com\/index.php\/ashtanga-grossesse\/#primaryimage"},"image":{"@id":"https:\/\/ashtangayogaparis.com\/index.php\/ashtanga-grossesse\/#primaryimage"},"thumbnailUrl":"http:\/\/ashtangayogaparis.com\/wp-content\/uploads\/2024\/06\/DSC3883.jpg","datePublished":"2023-05-04T14:37:00+00:00","dateModified":"2025-06-16T13:55:50+00:00","description":"On recommande aux femmes enceintes de ne pas pratiquer l'Ashtanga pendant les trois premiers mois de la grossesse.","breadcrumb":{"@id":"https:\/\/ashtangayogaparis.com\/index.php\/ashtanga-grossesse\/#breadcrumb"},"inLanguage":"en-US","potentialAction":[{"@type":"ReadAction","target":["https:\/\/ashtangayogaparis.com\/index.php\/ashtanga-grossesse\/"]}]},{"@type":"ImageObject","inLanguage":"en-US","@id":"https:\/\/ashtangayogaparis.com\/index.php\/ashtanga-grossesse\/#primaryimage","url":"https:\/\/ashtangayogaparis.com\/wp-content\/uploads\/2024\/06\/DSC3883.jpg","contentUrl":"https:\/\/ashtangayogaparis.com\/wp-content\/uploads\/2024\/06\/DSC3883.jpg","width":667,"height":1000},{"@type":"BreadcrumbList","@id":"https:\/\/ashtangayogaparis.com\/index.php\/ashtanga-grossesse\/#breadcrumb","itemListElement":[{"@type":"ListItem","position":1,"name":"Accueil","item":"https:\/\/ashtangayogaparis.com\/"},{"@type":"ListItem","position":2,"name":"Ashtanga &amp; Grossesse"}]},{"@type":"WebSite","@id":"https:\/\/ashtangayogaparis.com\/#website","url":"https:\/\/ashtangayogaparis.com\/","name":"Ashtanga Yoga Paris | Ashtanga Yoga | KPJAYI SYC authorized","description":"Yoga Shala, Ashtanga Yoga  par Cyril Lagel professeur autoris\u00e9 KPJAYI &amp; Tran Bui SYC ","publisher":{"@id":"https:\/\/ashtangayogaparis.com\/#organization"},"potentialAction":[{"@type":"SearchAction","target":{"@type":"EntryPoint","urlTemplate":"https:\/\/ashtangayogaparis.com\/?s={search_term_string}"},"query-input":{"@type":"PropertyValueSpecification","valueRequired":true,"valueName":"search_term_string"}}],"inLanguage":"en-US"},{"@type":"Organization","@id":"https:\/\/ashtangayogaparis.com\/#organization","name":"Ashtanga Yoga Paris | Ashtanga Yoga | KPJAYI SYC authorized","url":"https:\/\/ashtangayogaparis.com\/","logo":{"@type":"ImageObject","inLanguage":"en-US","@id":"https:\/\/ashtangayogaparis.com\/#\/schema\/logo\/image\/","url":"https:\/\/ashtangayogaparis.com\/wp-content\/uploads\/2025\/06\/cropped-logo-ashtanga-yoga-paris-1.png","contentUrl":"https:\/\/ashtangayogaparis.com\/wp-content\/uploads\/2025\/06\/cropped-logo-ashtanga-yoga-paris-1.png","width":2414,"height":1089,"caption":"Ashtanga Yoga Paris | Ashtanga Yoga | KPJAYI SYC authorized"},"image":{"@id":"https:\/\/ashtangayogaparis.com\/#\/schema\/logo\/image\/"},"sameAs":["https:\/\/www.facebook.com\/cyril.lagel\/","https:\/\/www.instagram.com\/cyrillagel"]}]}},"_links":{"self":[{"href":"https:\/\/ashtangayogaparis.com\/index.php\/wp-json\/wp\/v2\/pages\/268","targetHints":{"allow":["GET"]}}],"collection":[{"href":"https:\/\/ashtangayogaparis.com\/index.php\/wp-json\/wp\/v2\/pages"}],"about":[{"href":"https:\/\/ashtangayogaparis.com\/index.php\/wp-json\/wp\/v2\/types\/page"}],"author":[{"embeddable":true,"href":"https:\/\/ashtangayogaparis.com\/index.php\/wp-json\/wp\/v2\/users\/1"}],"replies":[{"embeddable":true,"href":"https:\/\/ashtangayogaparis.com\/index.php\/wp-json\/wp\/v2\/comments?post=268"}],"version-history":[{"count":3,"href":"https:\/\/ashtangayogaparis.com\/index.php\/wp-json\/wp\/v2\/pages\/268\/revisions"}],"predecessor-version":[{"id":1095,"href":"https:\/\/ashtangayogaparis.com\/index.php\/wp-json\/wp\/v2\/pages\/268\/revisions\/1095"}],"wp:attachment":[{"href":"https:\/\/ashtangayogaparis.com\/index.php\/wp-json\/wp\/v2\/media?parent=268"}],"curies":[{"name":"wp","href":"https:\/\/api.w.org\/{rel}","templated":true}]}}