{"id":48,"date":"2025-06-16T10:05:37","date_gmt":"2025-06-16T08:05:37","guid":{"rendered":"https:\/\/ashtangayogaparis.com\/?page_id=48"},"modified":"2026-02-03T14:58:34","modified_gmt":"2026-02-03T13:58:34","slug":"a-propos-de","status":"publish","type":"page","link":"https:\/\/ashtangayogaparis.com\/index.php\/a-propos-de\/","title":{"rendered":"Professeur.es"},"content":{"rendered":"\n<div class=\"wp-block-cover alignfull is-light\" style=\"min-height:629px;aspect-ratio:unset;\"><img loading=\"lazy\" decoding=\"async\" width=\"667\" height=\"1000\" class=\"wp-block-cover__image-background wp-image-49 size-full\" alt=\"Professeur.es d'ashtanga yoga paris professeurs\" src=\"http:\/\/ashtangayogaparis.com\/wp-content\/uploads\/2025\/06\/DSC0258.jpg\" style=\"object-position:50% 63%\" data-object-fit=\"cover\" data-object-position=\"50% 63%\" srcset=\"https:\/\/ashtangayogaparis.com\/wp-content\/uploads\/2025\/06\/DSC0258.jpg 667w, https:\/\/ashtangayogaparis.com\/wp-content\/uploads\/2025\/06\/DSC0258-200x300.jpg 200w\" sizes=\"auto, (max-width: 667px) 100vw, 667px\" \/><span aria-hidden=\"true\" class=\"wp-block-cover__background has-black-background-color has-background-dim-10 has-background-dim\"><\/span><div class=\"wp-block-cover__inner-container is-layout-flow wp-block-cover-is-layout-flow\">\n<p class=\"has-text-align-center has-large-font-size\"><\/p>\n<\/div><\/div>\n\n\n\n<p class=\"has-text-color has-link-color wp-elements-f42c560c40a13fa3069fe95a09b7a446\" style=\"color:#bfab72\">Pourquoi avoir choisi d&#8217;enseigner en bin\u00f4me l&#8217;Ashtanga \u00e0 Paris ?&nbsp;<\/p>\n\n\n\n<p class=\"has-text-color has-link-color wp-elements-bc826f8d7273510ddeb704a57ab9bc83\" style=\"color:#6f655f\">Notre compl\u00e9mentarit\u00e9 au service de la pratique et des \u00e9l\u00e8ves.<\/p>\n\n\n\n<p class=\"has-text-color has-link-color wp-elements-5a0e85379557beb761c65fd2da7b20fc\" style=\"color:#6f655f\">Cela fait d\u00e9j\u00e0 plusieurs ann\u00e9es que nous pratiquons et travaillons ensemble sur des cours et des retraites de yoga. Nous partageons une passion commune, mais surtout une vision commune et l\u2019envie de partager un enseignement joyeux et pr\u00e9cis. &nbsp;<\/p>\n\n\n\n<p class=\"has-text-color has-link-color wp-elements-88afff16f828eb86136bccc525530aee\" style=\"color:#6f655f\">Nos chemins de pratique ont \u00e9t\u00e9 tr\u00e8s diff\u00e9rents : Cyril est fort, puissant et explosif et Tran est souple, agile et douce. Notre mani\u00e8re d\u2019ajuster l\u2019est aussi : l\u2019un propose des ajustements hands-on pr\u00e9sents et confiants, l\u00e0 o\u00f9 l\u2019autre apporte de la minutie et de la pr\u00e9cision.&nbsp;<\/p>\n\n\n\n<p class=\"has-text-color has-link-color wp-elements-47045272d37e1f3b4f92ce6ac2163190\" style=\"color:#6f655f\">Au fil du temps, notre compl\u00e9mentarit\u00e9 nous a fait grandir en tant que pratiquant\u00b7e et aussi en tant qu\u2019enseignant\u00b7e. C\u2019est donc tout naturellement que nous avons eu envie de partager notre enseignement. La vision d\u2019un homme et la vision d\u2019une femme, tout deux passionn\u00e9\u00b7es et bienveillant\u00b7es, permettant d\u2019adresser les sujets sp\u00e9cifiques \u00e0 chacun\u00b7e.&nbsp;<\/p>\n\n\n\n<p class=\"has-text-color has-link-color wp-elements-a5f367bf1648913a7fcd0196ba1554cb\" style=\"color:#6f655f\">Enfin, le soutien mutuel que nous apportera un planning partag\u00e9 nous permettra de maintenir l\u2019\u00e9nergie et la disponibilit\u00e9 physique et mentale n\u00e9cessaire pour accompagner les \u00e9l\u00e8ves toujours dans la joie et la bonne humeur qui nous est ch\u00e8re.<\/p>\n\n\n\n<figure class=\"wp-block-image\"><img loading=\"lazy\" decoding=\"async\" width=\"1024\" height=\"683\" src=\"http:\/\/ashtangayogaparis.com\/wp-content\/uploads\/2023\/05\/ashtanga-mysore-style-paris-cyril-lagel-sharath-jois-6.jpg\" alt=\"Ashtanga yoga Paris, professeurs Cyril Lagel &amp; Tran Bui\" class=\"wp-image-410\" srcset=\"https:\/\/ashtangayogaparis.com\/wp-content\/uploads\/2023\/05\/ashtanga-mysore-style-paris-cyril-lagel-sharath-jois-6.jpg 1024w, https:\/\/ashtangayogaparis.com\/wp-content\/uploads\/2023\/05\/ashtanga-mysore-style-paris-cyril-lagel-sharath-jois-6-300x200.jpg 300w, https:\/\/ashtangayogaparis.com\/wp-content\/uploads\/2023\/05\/ashtanga-mysore-style-paris-cyril-lagel-sharath-jois-6-768x512.jpg 768w\" sizes=\"auto, (max-width: 1024px) 100vw, 1024px\" \/><\/figure>\n\n\n\n<p><\/p>\n\n\n\n<p class=\"has-text-color has-link-color wp-elements-396497478eb9e9de261397f5d66275fb\" style=\"color:#bfab72\">Cyril Lagel, professeur d\u2019Ashtanga&nbsp;autoris\u00e9&nbsp;\u201cKPJAYI SYC Authorized\u201c<\/p>\n\n\n\n<p class=\"has-text-color has-link-color wp-elements-5e5f4696993f7ec4dc8c40b0fc012cd9\" style=\"color:#6f655f\"><a href=\"https:\/\/www.cyrillagelyoga.com\" target=\"_blank\" rel=\"noreferrer noopener\">https:\/\/www.cyrillagelyoga.com<\/a><\/p>\n\n\n\n<p class=\"has-text-color has-link-color wp-elements-358f17be7cebbda565a7ee990fd26662\" style=\"color:#6f655f\">Ma rencontre avec le yoga fut un concours de circonstances. Avant de d\u00e9couvrir la pratique, j\u2019\u00e9tais photographe dans le milieu de la mode et de la beaut\u00e9 et menais un rythme de vie effr\u00e9n\u00e9 \u00e0 la recherche de gloire et de succ\u00e8s dans un monde qui, avec du recul, ne me correspondait pas compl\u00e9ment. Ce n\u2019est donc pas l\u2019histoire d\u2019un homme qui aurait tout plaqu\u00e9 pour partir \u201cse trouver\u201d en Inde.<\/p>\n\n\n\n<p class=\"has-text-color has-link-color wp-elements-d986ac323e9b1e3cd15375c6dc713267\" style=\"color:#6f655f\">Depuis 2012, j\u2019ai l\u2019honneur d\u2019\u00e9tudier aupr\u00e8s de Sharath Jois, directeur du Sharath Yoga Center, ou SYC, c\u00e9l\u00e8bre \u00e9cole de Mysore en Inde (anciennement Sri K. Patthabi Jois Ashtanga Yoga Institute ou KPJAYI). En 2018, j\u2019ai re\u00e7u de ce dernier la prestigieuse autorisation d\u2019enseigner l\u2019Ashtanga yoga \u00ab Authorized level 1 \u00bb. Aujourd\u2019hui je suis heureux de partager cette pratique si particuli\u00e8re qui m\u2019a permis de trouver de l\u2019inspiration, du calme et de la s\u00e9r\u00e9nit\u00e9 au quotidien.<\/p>\n\n\n\n<p class=\"has-text-color has-link-color wp-elements-af60b1d414d7932488c6b25ac7d5f519\" style=\"color:#bfab72\">Tran Bui, professeur d\u2019Ashtanga\u00a0autoris\u00e9\u00a0\u201cSYC Authorized\u201c<\/p>\n\n\n\n<p class=\"has-text-color has-link-color wp-elements-a8c2a066776eb9328676e057b21f6602\" style=\"color:#6f655f\"><a href=\"https:\/\/www.tranbuiyoga.com\" target=\"_blank\" rel=\"noreferrer noopener\">https:\/\/www.tranbuiyoga.com<\/a><\/p>\n\n\n\n<p class=\"has-text-color has-link-color wp-elements-cc18a013eb62851194f3c9db6c475694\" style=\"color:#6f655f\">D\u2019origine franco-vietnamienne, j\u2019ai longtemps \u00e9t\u00e9 berc\u00e9e par le bouddhisme et la pleine conscience gr\u00e2ce \u00e0 ma grand-tante S. Chan Kh\u00f4ng, premi\u00e8re disciple du ma\u00eetre bouddhiste et militant pour la paix, Thich Nhat Hanh. C&#8217;est assez naturellement par la suite que je d\u00e9couvre la joie du yoga qui pour moi, permet de se reconnecter \u00e0 soi et au monde qui nous entoure.<\/p>\n\n\n\n<p class=\"has-text-color has-link-color wp-elements-a392468d76c9e47c50ea84256a8ea74a\" style=\"color:#6f655f\">Etudier dans la tradition et suivre une lign\u00e9e est primordial dans ma pratique. C&#8217;est dans cette optique que j\u2019\u00e9tudie depuis le d\u00e9but de mon parcours le Vinyasa yoga selon la m\u00e9thode G\u00e9rard Arnaud aupr\u00e8s de qui j\u2019ai eu la chance de me former et continue \u00e0 enseigner aujourd\u2019hui. Par la suite, j\u2019ai poursuivis mon apprentissage par l&#8217;Ashtanga yoga aupr\u00e8s de Cyril Lagel, l&#8217;un des rares professeurs fran\u00e7ais autoris\u00e9s par l&#8217;\u00e9cole KPJAYI\/SYC de Mysore en Inde.<br><br>En 2022, j\u2019ai eu la chance faire mes premiers voyages \u00e0 Mysore &#8211; 3 mois au total &#8211; pour \u00e9tudier aupr\u00e8s de Sharath Jois, petit-fils de Pattabhi Jois et fondateur de l\u2019Ashtanga yoga.&nbsp;<\/p>\n\n\n\n<p class=\"has-text-color has-link-color wp-elements-2d75c7c37145ec48f710c999334e08ef\" style=\"color:#bfab72\">Livre : Mieux comprendre l&#8217;ashtanga yoga : histoire et philosophie en toute simplicit\u00e9.<\/p>\n\n\n\n<p class=\"has-text-color has-link-color wp-elements-def88725705c3252be6080a44a33d72d\" style=\"color:#6f655f\">Nous sommes \u00e9galement co-auteurs du livre&nbsp;<a href=\"https:\/\/www.cyrillagelyoga.com\/livre\" target=\"_blank\" rel=\"noreferrer noopener\">Mieux comprendre l\u2019Ashtanga yoga<\/a>, paru aux \u00e9ditions du Dauphin en 2022, un ouvrage dont la vocation est d\u2019exposer l\u2019histoire et la philosophie de l\u2019Ashtanga yoga en toute simplicit\u00e9, ainsi que de nombreuses astuces et recommandations pour la pratique. Nous remercions notre professeur Sharath Jois de nous avoir encourag\u00e9 dans cette d\u00e9marche.<\/p>\n\n\n\n<p class=\"has-text-color has-link-color wp-elements-c57199eb938269a52ccbfb3d8bf7a5c5\" style=\"color:#6f655f\">Programme de cours d&#8217;Ashtanga Paris <a href=\"https:\/\/ashtangayogaparis.com\/index.php\/mysore-infos\/\">Mysore Style<\/a> &amp; <a href=\"https:\/\/ashtangayogaparis.com\/index.php\/cours-ashtanga-paris\/\">Cours Dirig\u00e9s<\/a><\/p>\n\n\n\n<p><\/p>\n","protected":false},"excerpt":{"rendered":"<p>Pourquoi avoir choisi d&#8217;enseigner en bin\u00f4me l&#8217;Ashtanga \u00e0 Paris ?&nbsp; Notre compl\u00e9mentarit\u00e9 au service de la pratique et des \u00e9l\u00e8ves. Cela fait d\u00e9j\u00e0 plusieurs ann\u00e9es que nous pratiquons et travaillons ensemble sur des cours et des retraites de yoga. Nous partageons une passion commune, mais surtout une vision commune et l\u2019envie de partager un enseignement&hellip; <a class=\"more-link\" href=\"https:\/\/ashtangayogaparis.com\/index.php\/a-propos-de\/\">Continue reading <span class=\"screen-reader-text\">Professeur.es<\/span><\/a><\/p>\n","protected":false},"author":1,"featured_media":0,"parent":0,"menu_order":0,"comment_status":"closed","ping_status":"closed","template":"","meta":{"footnotes":""},"class_list":["post-48","page","type-page","status-publish","hentry","entry"],"yoast_head":"<!-- This site is optimized with the Yoast SEO plugin v27.0 - https:\/\/yoast.com\/product\/yoast-seo-wordpress\/ -->\n<title>Professeur.es - Ashtanga Yoga Paris | Ashtanga Yoga | KPJAYI SYC authorized<\/title>\n<meta name=\"description\" content=\"Pourquoi avoir choisi d&#039;enseigner en bin\u00f4me l&#039;Ashtanga \u00e0 Paris ?\u00a0Notre compl\u00e9mentarit\u00e9 au service de la pratique et des \u00e9l\u00e8ves.\" \/>\n<meta name=\"robots\" content=\"index, follow, max-snippet:-1, max-image-preview:large, max-video-preview:-1\" \/>\n<link rel=\"canonical\" href=\"https:\/\/ashtangayogaparis.com\/index.php\/a-propos-de\/\" \/>\n<meta property=\"og:locale\" content=\"en_US\" \/>\n<meta property=\"og:type\" content=\"article\" \/>\n<meta property=\"og:title\" content=\"Professeur.es - Ashtanga Yoga Paris | Ashtanga Yoga | KPJAYI SYC authorized\" \/>\n<meta property=\"og:description\" content=\"Pourquoi avoir choisi d&#039;enseigner en bin\u00f4me l&#039;Ashtanga \u00e0 Paris ?\u00a0Notre compl\u00e9mentarit\u00e9 au service de la pratique et des \u00e9l\u00e8ves.\" \/>\n<meta property=\"og:url\" content=\"https:\/\/ashtangayogaparis.com\/index.php\/a-propos-de\/\" \/>\n<meta property=\"og:site_name\" content=\"Ashtanga Yoga Paris | Ashtanga Yoga | KPJAYI SYC authorized\" \/>\n<meta property=\"article:publisher\" content=\"https:\/\/www.facebook.com\/cyril.lagel\/\" \/>\n<meta property=\"article:modified_time\" content=\"2026-02-03T13:58:34+00:00\" \/>\n<meta property=\"og:image\" content=\"https:\/\/ashtangayogaparis.com\/wp-content\/uploads\/2025\/06\/DSC0258.jpg\" \/>\n\t<meta property=\"og:image:width\" content=\"667\" \/>\n\t<meta property=\"og:image:height\" content=\"1000\" \/>\n\t<meta property=\"og:image:type\" content=\"image\/jpeg\" \/>\n<meta name=\"twitter:card\" content=\"summary_large_image\" \/>\n<meta name=\"twitter:label1\" content=\"Est. reading time\" \/>\n\t<meta name=\"twitter:data1\" content=\"4 minutes\" \/>\n<script type=\"application\/ld+json\" class=\"yoast-schema-graph\">{\"@context\":\"https:\/\/schema.org\",\"@graph\":[{\"@type\":\"WebPage\",\"@id\":\"https:\/\/ashtangayogaparis.com\/index.php\/a-propos-de\/\",\"url\":\"https:\/\/ashtangayogaparis.com\/index.php\/a-propos-de\/\",\"name\":\"Professeur.es - Ashtanga Yoga Paris | Ashtanga Yoga | KPJAYI SYC authorized\",\"isPartOf\":{\"@id\":\"https:\/\/ashtangayogaparis.com\/#website\"},\"primaryImageOfPage\":{\"@id\":\"https:\/\/ashtangayogaparis.com\/index.php\/a-propos-de\/#primaryimage\"},\"image\":{\"@id\":\"https:\/\/ashtangayogaparis.com\/index.php\/a-propos-de\/#primaryimage\"},\"thumbnailUrl\":\"http:\/\/ashtangayogaparis.com\/wp-content\/uploads\/2025\/06\/DSC0258.jpg\",\"datePublished\":\"2025-06-16T08:05:37+00:00\",\"dateModified\":\"2026-02-03T13:58:34+00:00\",\"description\":\"Pourquoi avoir choisi d'enseigner en bin\u00f4me l'Ashtanga \u00e0 Paris ?\u00a0Notre compl\u00e9mentarit\u00e9 au service de la pratique et des \u00e9l\u00e8ves.\",\"breadcrumb\":{\"@id\":\"https:\/\/ashtangayogaparis.com\/index.php\/a-propos-de\/#breadcrumb\"},\"inLanguage\":\"en-US\",\"potentialAction\":[{\"@type\":\"ReadAction\",\"target\":[\"https:\/\/ashtangayogaparis.com\/index.php\/a-propos-de\/\"]}]},{\"@type\":\"ImageObject\",\"inLanguage\":\"en-US\",\"@id\":\"https:\/\/ashtangayogaparis.com\/index.php\/a-propos-de\/#primaryimage\",\"url\":\"https:\/\/ashtangayogaparis.com\/wp-content\/uploads\/2025\/06\/DSC0258.jpg\",\"contentUrl\":\"https:\/\/ashtangayogaparis.com\/wp-content\/uploads\/2025\/06\/DSC0258.jpg\",\"width\":667,\"height\":1000},{\"@type\":\"BreadcrumbList\",\"@id\":\"https:\/\/ashtangayogaparis.com\/index.php\/a-propos-de\/#breadcrumb\",\"itemListElement\":[{\"@type\":\"ListItem\",\"position\":1,\"name\":\"Accueil\",\"item\":\"https:\/\/ashtangayogaparis.com\/\"},{\"@type\":\"ListItem\",\"position\":2,\"name\":\"Professeur.es\"}]},{\"@type\":\"WebSite\",\"@id\":\"https:\/\/ashtangayogaparis.com\/#website\",\"url\":\"https:\/\/ashtangayogaparis.com\/\",\"name\":\"Ashtanga Yoga Paris | Ashtanga Yoga | KPJAYI SYC authorized\",\"description\":\"Yoga Shala, Ashtanga Yoga  par Cyril Lagel professeur autoris\u00e9 KPJAYI &amp; Tran Bui SYC \",\"publisher\":{\"@id\":\"https:\/\/ashtangayogaparis.com\/#organization\"},\"potentialAction\":[{\"@type\":\"SearchAction\",\"target\":{\"@type\":\"EntryPoint\",\"urlTemplate\":\"https:\/\/ashtangayogaparis.com\/?s={search_term_string}\"},\"query-input\":{\"@type\":\"PropertyValueSpecification\",\"valueRequired\":true,\"valueName\":\"search_term_string\"}}],\"inLanguage\":\"en-US\"},{\"@type\":\"Organization\",\"@id\":\"https:\/\/ashtangayogaparis.com\/#organization\",\"name\":\"Ashtanga Yoga Paris | Ashtanga Yoga | KPJAYI SYC authorized\",\"url\":\"https:\/\/ashtangayogaparis.com\/\",\"logo\":{\"@type\":\"ImageObject\",\"inLanguage\":\"en-US\",\"@id\":\"https:\/\/ashtangayogaparis.com\/#\/schema\/logo\/image\/\",\"url\":\"https:\/\/ashtangayogaparis.com\/wp-content\/uploads\/2025\/06\/cropped-logo-ashtanga-yoga-paris-1.png\",\"contentUrl\":\"https:\/\/ashtangayogaparis.com\/wp-content\/uploads\/2025\/06\/cropped-logo-ashtanga-yoga-paris-1.png\",\"width\":2414,\"height\":1089,\"caption\":\"Ashtanga Yoga Paris | Ashtanga Yoga | KPJAYI SYC authorized\"},\"image\":{\"@id\":\"https:\/\/ashtangayogaparis.com\/#\/schema\/logo\/image\/\"},\"sameAs\":[\"https:\/\/www.facebook.com\/cyril.lagel\/\",\"https:\/\/www.instagram.com\/cyrillagel\"]}]}<\/script>\n<!-- \/ Yoast SEO plugin. -->","yoast_head_json":{"title":"Professeur.es - Ashtanga Yoga Paris | Ashtanga Yoga | KPJAYI SYC authorized","description":"Pourquoi avoir choisi d'enseigner en bin\u00f4me l'Ashtanga \u00e0 Paris ?\u00a0Notre compl\u00e9mentarit\u00e9 au service de la pratique et des \u00e9l\u00e8ves.","robots":{"index":"index","follow":"follow","max-snippet":"max-snippet:-1","max-image-preview":"max-image-preview:large","max-video-preview":"max-video-preview:-1"},"canonical":"https:\/\/ashtangayogaparis.com\/index.php\/a-propos-de\/","og_locale":"en_US","og_type":"article","og_title":"Professeur.es - Ashtanga Yoga Paris | Ashtanga Yoga | KPJAYI SYC authorized","og_description":"Pourquoi avoir choisi d'enseigner en bin\u00f4me l'Ashtanga \u00e0 Paris ?\u00a0Notre compl\u00e9mentarit\u00e9 au service de la pratique et des \u00e9l\u00e8ves.","og_url":"https:\/\/ashtangayogaparis.com\/index.php\/a-propos-de\/","og_site_name":"Ashtanga Yoga Paris | Ashtanga Yoga | KPJAYI SYC authorized","article_publisher":"https:\/\/www.facebook.com\/cyril.lagel\/","article_modified_time":"2026-02-03T13:58:34+00:00","og_image":[{"width":667,"height":1000,"url":"https:\/\/ashtangayogaparis.com\/wp-content\/uploads\/2025\/06\/DSC0258.jpg","type":"image\/jpeg"}],"twitter_card":"summary_large_image","twitter_misc":{"Est. reading time":"4 minutes"},"schema":{"@context":"https:\/\/schema.org","@graph":[{"@type":"WebPage","@id":"https:\/\/ashtangayogaparis.com\/index.php\/a-propos-de\/","url":"https:\/\/ashtangayogaparis.com\/index.php\/a-propos-de\/","name":"Professeur.es - Ashtanga Yoga Paris | Ashtanga Yoga | KPJAYI SYC authorized","isPartOf":{"@id":"https:\/\/ashtangayogaparis.com\/#website"},"primaryImageOfPage":{"@id":"https:\/\/ashtangayogaparis.com\/index.php\/a-propos-de\/#primaryimage"},"image":{"@id":"https:\/\/ashtangayogaparis.com\/index.php\/a-propos-de\/#primaryimage"},"thumbnailUrl":"http:\/\/ashtangayogaparis.com\/wp-content\/uploads\/2025\/06\/DSC0258.jpg","datePublished":"2025-06-16T08:05:37+00:00","dateModified":"2026-02-03T13:58:34+00:00","description":"Pourquoi avoir choisi d'enseigner en bin\u00f4me l'Ashtanga \u00e0 Paris ?\u00a0Notre compl\u00e9mentarit\u00e9 au service de la pratique et des \u00e9l\u00e8ves.","breadcrumb":{"@id":"https:\/\/ashtangayogaparis.com\/index.php\/a-propos-de\/#breadcrumb"},"inLanguage":"en-US","potentialAction":[{"@type":"ReadAction","target":["https:\/\/ashtangayogaparis.com\/index.php\/a-propos-de\/"]}]},{"@type":"ImageObject","inLanguage":"en-US","@id":"https:\/\/ashtangayogaparis.com\/index.php\/a-propos-de\/#primaryimage","url":"https:\/\/ashtangayogaparis.com\/wp-content\/uploads\/2025\/06\/DSC0258.jpg","contentUrl":"https:\/\/ashtangayogaparis.com\/wp-content\/uploads\/2025\/06\/DSC0258.jpg","width":667,"height":1000},{"@type":"BreadcrumbList","@id":"https:\/\/ashtangayogaparis.com\/index.php\/a-propos-de\/#breadcrumb","itemListElement":[{"@type":"ListItem","position":1,"name":"Accueil","item":"https:\/\/ashtangayogaparis.com\/"},{"@type":"ListItem","position":2,"name":"Professeur.es"}]},{"@type":"WebSite","@id":"https:\/\/ashtangayogaparis.com\/#website","url":"https:\/\/ashtangayogaparis.com\/","name":"Ashtanga Yoga Paris | Ashtanga Yoga | KPJAYI SYC authorized","description":"Yoga Shala, Ashtanga Yoga  par Cyril Lagel professeur autoris\u00e9 KPJAYI &amp; Tran Bui SYC ","publisher":{"@id":"https:\/\/ashtangayogaparis.com\/#organization"},"potentialAction":[{"@type":"SearchAction","target":{"@type":"EntryPoint","urlTemplate":"https:\/\/ashtangayogaparis.com\/?s={search_term_string}"},"query-input":{"@type":"PropertyValueSpecification","valueRequired":true,"valueName":"search_term_string"}}],"inLanguage":"en-US"},{"@type":"Organization","@id":"https:\/\/ashtangayogaparis.com\/#organization","name":"Ashtanga Yoga Paris | Ashtanga Yoga | KPJAYI SYC authorized","url":"https:\/\/ashtangayogaparis.com\/","logo":{"@type":"ImageObject","inLanguage":"en-US","@id":"https:\/\/ashtangayogaparis.com\/#\/schema\/logo\/image\/","url":"https:\/\/ashtangayogaparis.com\/wp-content\/uploads\/2025\/06\/cropped-logo-ashtanga-yoga-paris-1.png","contentUrl":"https:\/\/ashtangayogaparis.com\/wp-content\/uploads\/2025\/06\/cropped-logo-ashtanga-yoga-paris-1.png","width":2414,"height":1089,"caption":"Ashtanga Yoga Paris | Ashtanga Yoga | KPJAYI SYC authorized"},"image":{"@id":"https:\/\/ashtangayogaparis.com\/#\/schema\/logo\/image\/"},"sameAs":["https:\/\/www.facebook.com\/cyril.lagel\/","https:\/\/www.instagram.com\/cyrillagel"]}]}},"_links":{"self":[{"href":"https:\/\/ashtangayogaparis.com\/index.php\/wp-json\/wp\/v2\/pages\/48","targetHints":{"allow":["GET"]}}],"collection":[{"href":"https:\/\/ashtangayogaparis.com\/index.php\/wp-json\/wp\/v2\/pages"}],"about":[{"href":"https:\/\/ashtangayogaparis.com\/index.php\/wp-json\/wp\/v2\/types\/page"}],"author":[{"embeddable":true,"href":"https:\/\/ashtangayogaparis.com\/index.php\/wp-json\/wp\/v2\/users\/1"}],"replies":[{"embeddable":true,"href":"https:\/\/ashtangayogaparis.com\/index.php\/wp-json\/wp\/v2\/comments?post=48"}],"version-history":[{"count":17,"href":"https:\/\/ashtangayogaparis.com\/index.php\/wp-json\/wp\/v2\/pages\/48\/revisions"}],"predecessor-version":[{"id":1138,"href":"https:\/\/ashtangayogaparis.com\/index.php\/wp-json\/wp\/v2\/pages\/48\/revisions\/1138"}],"wp:attachment":[{"href":"https:\/\/ashtangayogaparis.com\/index.php\/wp-json\/wp\/v2\/media?parent=48"}],"curies":[{"name":"wp","href":"https:\/\/api.w.org\/{rel}","templated":true}]}}