{"id":56,"date":"2021-11-30T16:37:24","date_gmt":"2021-11-30T15:37:24","guid":{"rendered":"http:\/\/mysorestyleparis.com\/?page_id=2"},"modified":"2025-06-16T16:27:46","modified_gmt":"2025-06-16T14:27:46","slug":"parampara","status":"publish","type":"page","link":"https:\/\/ashtangayogaparis.com\/index.php\/parampara\/","title":{"rendered":"Parampara"},"content":{"rendered":"\n<div class=\"wp-block-cover alignfull is-light\" style=\"padding-top:4vw;padding-right:4vw;padding-bottom:4vw;padding-left:4vw;min-height:66vh;aspect-ratio:unset;\"><img loading=\"lazy\" decoding=\"async\" width=\"1024\" height=\"683\" class=\"wp-block-cover__image-background wp-image-685 size-large\" alt=\"paschimottanasana ashtanga paris\" src=\"http:\/\/ashtangayogaparis.com\/wp-content\/uploads\/2024\/06\/DSC1291-1024x683.jpg\" data-object-fit=\"cover\" srcset=\"https:\/\/ashtangayogaparis.com\/wp-content\/uploads\/2024\/06\/DSC1291-1024x683.jpg 1024w, https:\/\/ashtangayogaparis.com\/wp-content\/uploads\/2024\/06\/DSC1291-300x200.jpg 300w, https:\/\/ashtangayogaparis.com\/wp-content\/uploads\/2024\/06\/DSC1291-768x512.jpg 768w, https:\/\/ashtangayogaparis.com\/wp-content\/uploads\/2024\/06\/DSC1291.jpg 1500w\" sizes=\"auto, (max-width: 1024px) 100vw, 1024px\" \/><span aria-hidden=\"true\" class=\"wp-block-cover__background has-black-background-color has-background-dim-10 has-background-dim\"><\/span><div class=\"wp-block-cover__inner-container is-layout-flow wp-block-cover-is-layout-flow\">\n<p class=\"has-text-align-center has-large-font-size\"><\/p>\n<\/div><\/div>\n\n\n\n<p class=\"has-text-color has-small-font-size\" style=\"color:#6f655f\"><em>\u00a9 Les textes sont des extraits du livre : <\/em><a href=\"https:\/\/www.cyrillagelyoga.com\/livre\"><em>\u201cMIEUX COMPRENDRE L\u2019ASHTANGA YOGA\u201c<\/em><\/a><\/p>\n\n\n\n<p class=\"has-text-color\" style=\"color:#6f655f\">L\u2019enseignement du yoga est traditionnellement transmis de ma\u00eetre \u00e0 \u00e9l\u00e8ve. Cette transmission s\u2019appelle <em>Parampara<\/em>. Comprendre cette notion est essentiel pour comprendre la tradition de l\u2019Ashtanga yoga.<\/p>\n\n\n\n<p class=\"has-text-color\" style=\"color:#6f655f\"><em>Parampara <\/em>signifie \u00ab lign\u00e9e \u00bb en sanskrit et d\u00e9signe le principe de la transmission de la connaissance dans sa forme la plus pr\u00e9cieuse de professeur\u00b7e \u00e0 \u00e9l\u00e8ve. Une connaissance bas\u00e9e sur une exp\u00e9rience directe et pratique. Cette connaissance ne peut \u00eatre transf\u00e9r\u00e9e qu\u2019apr\u00e8s que l\u2019\u00e9tudiant\u00b7e a pass\u00e9 de nombreuses ann\u00e9es avec un guru exp\u00e9riment\u00e9 en qui il ou elle a enti\u00e8rement accord\u00e9 sa confiance.<\/p>\n\n\n\n<p class=\"has-text-color\" style=\"color:#6f655f\">Le <em>dharma, <\/em>ou le devoir de l\u2019\u00e9l\u00e8ve, est de pratiquer avec diligence et de s\u2019efforcer de comprendre les enseignements du guru. La perfection de la connaissance et du yoga se situe au-del\u00e0 de la ma\u00eetrise de la pratique, elle grandit de l\u2019amour mutuel et du respect entre l\u2019\u00e9l\u00e8ve et son guru, une relation qui ne peut \u00eatre cultiv\u00e9e qu\u2019avec le temps. Le <em>dharma <\/em>du guru est d\u2019enseigner le yoga exactement comme il l\u2019a re\u00e7u. L\u2019enseignement doit \u00eatre pr\u00e9sent\u00e9 avec un c\u0153ur bon et avec des intentions nobles sans jamais induire l\u2019\u00e9l\u00e8ve en erreur.<\/p>\n\n\n\n<p class=\"has-text-color\" style=\"color:#bfab72\">SHRI K. PATTABHI JOIS<\/p>\n\n\n\n<p class=\"has-text-color\" style=\"color:#6f655f\">En 1948, Guruji cr\u00e9a l\u2019Institut de recherche Ashtanga Yoga dans sa maison familiale de deux pi\u00e8ces \u00e0 Lakshmipuram dans le but d\u2019exp\u00e9rimenter les aspects curatifs du yoga. En 1964, Guruji ajouta une extension \u00e0 l\u2019arri\u00e8re de leur maison, compos\u00e9e d\u2019une salle de yoga qui pouvait accueillir douze \u00e9tudiant\u00b7e\u00b7s et d\u2019une salle de repos \u00e0 l\u2019\u00e9tage. La m\u00eame ann\u00e9e, un belge nomm\u00e9 Andr\u00e9 van Lysbeth arriva \u00e0 l\u2019AYRI, devenu KPJAYI plus tard, sur la recommandation de Swami Purnananda, un ancien \u00e9tudiant de Guruji. Pendant deux mois, Guruji enseigna \u00e0 cet \u00e9tranger les <em>asanas <\/em>primaires et interm\u00e9diaires. Peu de temps apr\u00e8s, Van Lysbeth \u00e9crivit un livre intitul\u00e9 <em>Pranayama, la dynamique du souffle<\/em>1 dans lequel apparut la photo de Guruji et de ce fait, pr\u00e9senta le ma\u00eetre de l\u2019Ashtanga pour la premi\u00e8re fois en Europe.<\/p>\n\n\n\n<p class=\"has-text-color\" style=\"color:#6f655f\">Guruji voyageait beaucoup en Inde avec Krishnamacharya et Amma pour rencontrer des yogis, discuter avec des universitaires et faire des d\u00e9monstrations de yoga. L\u2019Ashtanga yoga de Guruji s\u2019\u00e9tendit dans toute l\u2019Inde, mais c\u2019est seulement en 1973, l\u2019ann\u00e9e o\u00f9 il prit sa retraite \u00e0 l\u2019universit\u00e9 Sanskrit, qu\u2019il quitta sa terre natale pour enseigner \u00e0 S\u00e3o Paulo au Br\u00e9sil o\u00f9 il fut invit\u00e9, le premier d\u2019une longue s\u00e9rie de voyages pour enseigner \u00e0 travers le monde.<\/p>\n\n\n\n<p class=\"has-text-color\" style=\"color:#6f655f\">Au cours des vingt ann\u00e9es suivantes, le nombre d\u2019\u00e9tudiant\u00b7e\u00b7s venant \u00e0 Mysore augmenta de plus en plus. En 1998, Guruji d\u00e9pla\u00e7a sa r\u00e9sidence vers Gokulam, une banlieue de Mysore, mais continua \u00e0 enseigner \u00e0 l\u2019institut Lakshmipuram. \u00c0 ce moment-l\u00e0, il recevait plus d\u2019\u00e9tudiant\u00b7e\u00b7s internationaux que la petite salle ne pouvait accueillir, alors il commen\u00e7a la construction d\u2019une \u00e9cole beaucoup plus grande, juste en face de sa maison \u00e0 Gokulam. Le nouveau <em>shala <\/em>ouvrit officiellement ses portes en 2002, avec plusieurs jours de c\u00e9r\u00e9monies.<\/p>\n\n\n\n<p class=\"has-text-color\" style=\"color:#6f655f\">En 2007, Pattabhi Jois fut gravement malade. \u00c0 la fin de l\u2019ann\u00e9e suivante, apr\u00e8s sept d\u00e9cennies d\u2019enseignement continu, il se retira progressivement de ses cours quotidiens, laissant l\u2019institut aux mains de son petit-fils Sharath. Guruji d\u00e9c\u00e9da dans sa maison \u00e0 Mysore le 18 mai 2009 \u00e0 l\u2019\u00e2ge de 93 ans.<\/p>\n\n\n\n<p class=\"has-text-color\" style=\"color:#bfab72\">R. SHARATH JOIS<\/p>\n\n\n\n<figure class=\"wp-block-image size-large\"><img loading=\"lazy\" decoding=\"async\" width=\"724\" height=\"1024\" src=\"http:\/\/mysorestyleparis.com\/wp-content\/uploads\/2023\/05\/ashtanga-mysore-style-paris-cyril-lagel-sharath-jois-1-1-724x1024.jpg\" alt=\"Parampara Sharath Jois\" class=\"wp-image-412\" srcset=\"https:\/\/ashtangayogaparis.com\/wp-content\/uploads\/2023\/05\/ashtanga-mysore-style-paris-cyril-lagel-sharath-jois-1-1-724x1024.jpg 724w, https:\/\/ashtangayogaparis.com\/wp-content\/uploads\/2023\/05\/ashtanga-mysore-style-paris-cyril-lagel-sharath-jois-1-1-212x300.jpg 212w, https:\/\/ashtangayogaparis.com\/wp-content\/uploads\/2023\/05\/ashtanga-mysore-style-paris-cyril-lagel-sharath-jois-1-1-768x1086.jpg 768w, https:\/\/ashtangayogaparis.com\/wp-content\/uploads\/2023\/05\/ashtanga-mysore-style-paris-cyril-lagel-sharath-jois-1-1.jpg 877w\" sizes=\"auto, (max-width: 724px) 100vw, 724px\" \/><\/figure>\n\n\n\n<p class=\"has-text-color\" style=\"color:#6f655f\">R. Sharath Jois est n\u00e9 le 29 septembre 1971 \u00e0 Mysore en Inde, de Saraswathi Rangaswamy, fille de Pattabhi Jois. En grandissant dans une famille de yogis, Sharath apprit ses premi\u00e8res <em>asanas <\/em>\u00e0 l\u2019\u00e2ge de sept ans et exp\u00e9rimenta des postures de la s\u00e9rie primaire et interm\u00e9diaire jusqu\u2019\u00e0 ses quatorze ans. M\u00eame s\u2019il passa les trois ann\u00e9es suivantes \u00e0 se concentrer sur sa scolarit\u00e9, en obtenant un dipl\u00f4me en \u00e9lectronique \u00e0 Mysore, Sharath savait qu\u2019il suivrait un jour le chemin de l\u2019Ashtanga yoga lanc\u00e9 par sa m\u00e8re et son grand-p\u00e8re.<\/p>\n\n\n\n<p class=\"has-text-color\" style=\"color:#6f655f\">Sharath entreprit son \u00e9tude formelle du yoga \u00e0 l\u2019\u00e2ge de dix-neuf ans. Il se leva tous les jours \u00e0 3 h 30 du matin pour traverser la ville de Mysore jusqu\u2019au yoga <em>Shala <\/em>\u00e0 Lakshmipuram de son grand-p\u00e8re. L\u00e0, il commen\u00e7ait d\u2019abord par sa pratique per- sonnelle et assistait ensuite son grand-p\u00e8re dans ses cours. Une routine qu\u2019il suivit pendant plus de dix-huit ans.<\/p>\n\n\n\n<p class=\"has-text-color\" style=\"color:#6f655f\">Comme le souhaitait Pattabhi Jois, Sharath h\u00e9rita de la direction et l\u2019enseignement de l\u2019\u00e9cole de Mysore. Aujourd\u2019hui, son d\u00e9vouement et sa discipline l\u2019obligent \u00e0 se lever six jours par semaine \u00e0 1h du matin pour faire sa pratique avant que les pre- mier\u00b7e\u00b7s \u00e9tudiant\u00b7e\u00b7s n\u2019arrivent au Sharath Jois Yoga Center (SYC), anciennement connu sous le nom de KPJAYI. Sharath est le seul \u00e9tudiant \u00e0 date de Pattabhi Jois qui \u00e9tudie et continue \u00e0 pratiquer les six s\u00e9ries compl\u00e8tes du syst\u00e8me de l\u2019Ashtan- ga yoga. Il vit actuellement \u00e0 Mysore avec sa femme Shruthi, sa fille Shraddha et son fils Sambhav.<\/p>\n\n\n\n<p class=\"has-text-color\" style=\"color:#6f655f\"><a href=\"http:\/\/www.sharathyogacentre.com\" target=\"_blank\" rel=\"noreferrer noopener\">www.sharathyogacentre.com<\/a><\/p>\n\n\n\n<p class=\"has-text-color has-link-color wp-elements-b0022859985eb00dd95e89fa9617251b\" style=\"color:#6f655f\"><a href=\"\/index.php\/8-membres\/\">8 Membres ?<\/a><\/p>\n","protected":false},"excerpt":{"rendered":"<p>\u00a9 Les textes sont des extraits du livre : \u201cMIEUX COMPRENDRE L\u2019ASHTANGA YOGA\u201c L\u2019enseignement du yoga est traditionnellement transmis de ma\u00eetre \u00e0 \u00e9l\u00e8ve. Cette transmission s\u2019appelle Parampara. Comprendre cette notion est essentiel pour comprendre la tradition de l\u2019Ashtanga yoga. Parampara signifie \u00ab lign\u00e9e \u00bb en sanskrit et d\u00e9signe le principe de la transmission de la&hellip; <a class=\"more-link\" href=\"https:\/\/ashtangayogaparis.com\/index.php\/parampara\/\">Continue reading <span class=\"screen-reader-text\">Parampara<\/span><\/a><\/p>\n","protected":false},"author":1,"featured_media":0,"parent":0,"menu_order":0,"comment_status":"closed","ping_status":"open","template":"","meta":{"footnotes":""},"class_list":["post-56","page","type-page","status-publish","hentry","entry"],"yoast_head":"<!-- This site is optimized with the Yoast SEO plugin v27.0 - https:\/\/yoast.com\/product\/yoast-seo-wordpress\/ -->\n<title>Parampara - Ashtanga Yoga Paris | Ashtanga Yoga | KPJAYI SYC authorized<\/title>\n<meta name=\"description\" content=\"L\u2019enseignement du yoga est traditionnellement transmis de ma\u00eetre \u00e0 \u00e9l\u00e8ve. Cette transmission s\u2019appelle Parampara.\" \/>\n<meta name=\"robots\" content=\"index, follow, max-snippet:-1, max-image-preview:large, max-video-preview:-1\" \/>\n<link rel=\"canonical\" href=\"https:\/\/ashtangayogaparis.com\/index.php\/parampara\/\" \/>\n<meta property=\"og:locale\" content=\"en_US\" \/>\n<meta property=\"og:type\" content=\"article\" \/>\n<meta property=\"og:title\" content=\"Parampara - Ashtanga Yoga Paris | Ashtanga Yoga | KPJAYI SYC authorized\" \/>\n<meta property=\"og:description\" content=\"L\u2019enseignement du yoga est traditionnellement transmis de ma\u00eetre \u00e0 \u00e9l\u00e8ve. Cette transmission s\u2019appelle Parampara.\" \/>\n<meta property=\"og:url\" content=\"https:\/\/ashtangayogaparis.com\/index.php\/parampara\/\" \/>\n<meta property=\"og:site_name\" content=\"Ashtanga Yoga Paris | Ashtanga Yoga | KPJAYI SYC authorized\" \/>\n<meta property=\"article:publisher\" content=\"https:\/\/www.facebook.com\/cyril.lagel\/\" \/>\n<meta property=\"article:modified_time\" content=\"2025-06-16T14:27:46+00:00\" \/>\n<meta property=\"og:image\" content=\"http:\/\/ashtangayogaparis.com\/wp-content\/uploads\/2024\/06\/DSC1291-1024x683.jpg\" \/>\n<meta name=\"twitter:card\" content=\"summary_large_image\" \/>\n<meta name=\"twitter:label1\" content=\"Est. reading time\" \/>\n\t<meta name=\"twitter:data1\" content=\"5 minutes\" \/>\n<script type=\"application\/ld+json\" class=\"yoast-schema-graph\">{\"@context\":\"https:\/\/schema.org\",\"@graph\":[{\"@type\":\"WebPage\",\"@id\":\"https:\/\/ashtangayogaparis.com\/index.php\/parampara\/\",\"url\":\"https:\/\/ashtangayogaparis.com\/index.php\/parampara\/\",\"name\":\"Parampara - Ashtanga Yoga Paris | Ashtanga Yoga | KPJAYI SYC authorized\",\"isPartOf\":{\"@id\":\"https:\/\/ashtangayogaparis.com\/#website\"},\"primaryImageOfPage\":{\"@id\":\"https:\/\/ashtangayogaparis.com\/index.php\/parampara\/#primaryimage\"},\"image\":{\"@id\":\"https:\/\/ashtangayogaparis.com\/index.php\/parampara\/#primaryimage\"},\"thumbnailUrl\":\"http:\/\/ashtangayogaparis.com\/wp-content\/uploads\/2024\/06\/DSC1291-1024x683.jpg\",\"datePublished\":\"2021-11-30T15:37:24+00:00\",\"dateModified\":\"2025-06-16T14:27:46+00:00\",\"description\":\"L\u2019enseignement du yoga est traditionnellement transmis de ma\u00eetre \u00e0 \u00e9l\u00e8ve. Cette transmission s\u2019appelle Parampara.\",\"breadcrumb\":{\"@id\":\"https:\/\/ashtangayogaparis.com\/index.php\/parampara\/#breadcrumb\"},\"inLanguage\":\"en-US\",\"potentialAction\":[{\"@type\":\"ReadAction\",\"target\":[\"https:\/\/ashtangayogaparis.com\/index.php\/parampara\/\"]}]},{\"@type\":\"ImageObject\",\"inLanguage\":\"en-US\",\"@id\":\"https:\/\/ashtangayogaparis.com\/index.php\/parampara\/#primaryimage\",\"url\":\"https:\/\/ashtangayogaparis.com\/wp-content\/uploads\/2024\/06\/DSC1291.jpg\",\"contentUrl\":\"https:\/\/ashtangayogaparis.com\/wp-content\/uploads\/2024\/06\/DSC1291.jpg\",\"width\":1500,\"height\":1000},{\"@type\":\"BreadcrumbList\",\"@id\":\"https:\/\/ashtangayogaparis.com\/index.php\/parampara\/#breadcrumb\",\"itemListElement\":[{\"@type\":\"ListItem\",\"position\":1,\"name\":\"Accueil\",\"item\":\"https:\/\/ashtangayogaparis.com\/\"},{\"@type\":\"ListItem\",\"position\":2,\"name\":\"Parampara\"}]},{\"@type\":\"WebSite\",\"@id\":\"https:\/\/ashtangayogaparis.com\/#website\",\"url\":\"https:\/\/ashtangayogaparis.com\/\",\"name\":\"Ashtanga Yoga Paris | Ashtanga Yoga | KPJAYI SYC authorized\",\"description\":\"Yoga Shala, Ashtanga Yoga  par Cyril Lagel professeur autoris\u00e9 KPJAYI &amp; Tran Bui SYC \",\"publisher\":{\"@id\":\"https:\/\/ashtangayogaparis.com\/#organization\"},\"potentialAction\":[{\"@type\":\"SearchAction\",\"target\":{\"@type\":\"EntryPoint\",\"urlTemplate\":\"https:\/\/ashtangayogaparis.com\/?s={search_term_string}\"},\"query-input\":{\"@type\":\"PropertyValueSpecification\",\"valueRequired\":true,\"valueName\":\"search_term_string\"}}],\"inLanguage\":\"en-US\"},{\"@type\":\"Organization\",\"@id\":\"https:\/\/ashtangayogaparis.com\/#organization\",\"name\":\"Ashtanga Yoga Paris | Ashtanga Yoga | KPJAYI SYC authorized\",\"url\":\"https:\/\/ashtangayogaparis.com\/\",\"logo\":{\"@type\":\"ImageObject\",\"inLanguage\":\"en-US\",\"@id\":\"https:\/\/ashtangayogaparis.com\/#\/schema\/logo\/image\/\",\"url\":\"https:\/\/ashtangayogaparis.com\/wp-content\/uploads\/2025\/06\/cropped-logo-ashtanga-yoga-paris-1.png\",\"contentUrl\":\"https:\/\/ashtangayogaparis.com\/wp-content\/uploads\/2025\/06\/cropped-logo-ashtanga-yoga-paris-1.png\",\"width\":2414,\"height\":1089,\"caption\":\"Ashtanga Yoga Paris | Ashtanga Yoga | KPJAYI SYC authorized\"},\"image\":{\"@id\":\"https:\/\/ashtangayogaparis.com\/#\/schema\/logo\/image\/\"},\"sameAs\":[\"https:\/\/www.facebook.com\/cyril.lagel\/\",\"https:\/\/www.instagram.com\/cyrillagel\"]}]}<\/script>\n<!-- \/ Yoast SEO plugin. -->","yoast_head_json":{"title":"Parampara - Ashtanga Yoga Paris | Ashtanga Yoga | KPJAYI SYC authorized","description":"L\u2019enseignement du yoga est traditionnellement transmis de ma\u00eetre \u00e0 \u00e9l\u00e8ve. Cette transmission s\u2019appelle Parampara.","robots":{"index":"index","follow":"follow","max-snippet":"max-snippet:-1","max-image-preview":"max-image-preview:large","max-video-preview":"max-video-preview:-1"},"canonical":"https:\/\/ashtangayogaparis.com\/index.php\/parampara\/","og_locale":"en_US","og_type":"article","og_title":"Parampara - Ashtanga Yoga Paris | Ashtanga Yoga | KPJAYI SYC authorized","og_description":"L\u2019enseignement du yoga est traditionnellement transmis de ma\u00eetre \u00e0 \u00e9l\u00e8ve. Cette transmission s\u2019appelle Parampara.","og_url":"https:\/\/ashtangayogaparis.com\/index.php\/parampara\/","og_site_name":"Ashtanga Yoga Paris | Ashtanga Yoga | KPJAYI SYC authorized","article_publisher":"https:\/\/www.facebook.com\/cyril.lagel\/","article_modified_time":"2025-06-16T14:27:46+00:00","og_image":[{"url":"http:\/\/ashtangayogaparis.com\/wp-content\/uploads\/2024\/06\/DSC1291-1024x683.jpg","type":"","width":"","height":""}],"twitter_card":"summary_large_image","twitter_misc":{"Est. reading time":"5 minutes"},"schema":{"@context":"https:\/\/schema.org","@graph":[{"@type":"WebPage","@id":"https:\/\/ashtangayogaparis.com\/index.php\/parampara\/","url":"https:\/\/ashtangayogaparis.com\/index.php\/parampara\/","name":"Parampara - Ashtanga Yoga Paris | Ashtanga Yoga | KPJAYI SYC authorized","isPartOf":{"@id":"https:\/\/ashtangayogaparis.com\/#website"},"primaryImageOfPage":{"@id":"https:\/\/ashtangayogaparis.com\/index.php\/parampara\/#primaryimage"},"image":{"@id":"https:\/\/ashtangayogaparis.com\/index.php\/parampara\/#primaryimage"},"thumbnailUrl":"http:\/\/ashtangayogaparis.com\/wp-content\/uploads\/2024\/06\/DSC1291-1024x683.jpg","datePublished":"2021-11-30T15:37:24+00:00","dateModified":"2025-06-16T14:27:46+00:00","description":"L\u2019enseignement du yoga est traditionnellement transmis de ma\u00eetre \u00e0 \u00e9l\u00e8ve. Cette transmission s\u2019appelle Parampara.","breadcrumb":{"@id":"https:\/\/ashtangayogaparis.com\/index.php\/parampara\/#breadcrumb"},"inLanguage":"en-US","potentialAction":[{"@type":"ReadAction","target":["https:\/\/ashtangayogaparis.com\/index.php\/parampara\/"]}]},{"@type":"ImageObject","inLanguage":"en-US","@id":"https:\/\/ashtangayogaparis.com\/index.php\/parampara\/#primaryimage","url":"https:\/\/ashtangayogaparis.com\/wp-content\/uploads\/2024\/06\/DSC1291.jpg","contentUrl":"https:\/\/ashtangayogaparis.com\/wp-content\/uploads\/2024\/06\/DSC1291.jpg","width":1500,"height":1000},{"@type":"BreadcrumbList","@id":"https:\/\/ashtangayogaparis.com\/index.php\/parampara\/#breadcrumb","itemListElement":[{"@type":"ListItem","position":1,"name":"Accueil","item":"https:\/\/ashtangayogaparis.com\/"},{"@type":"ListItem","position":2,"name":"Parampara"}]},{"@type":"WebSite","@id":"https:\/\/ashtangayogaparis.com\/#website","url":"https:\/\/ashtangayogaparis.com\/","name":"Ashtanga Yoga Paris | Ashtanga Yoga | KPJAYI SYC authorized","description":"Yoga Shala, Ashtanga Yoga  par Cyril Lagel professeur autoris\u00e9 KPJAYI &amp; Tran Bui SYC ","publisher":{"@id":"https:\/\/ashtangayogaparis.com\/#organization"},"potentialAction":[{"@type":"SearchAction","target":{"@type":"EntryPoint","urlTemplate":"https:\/\/ashtangayogaparis.com\/?s={search_term_string}"},"query-input":{"@type":"PropertyValueSpecification","valueRequired":true,"valueName":"search_term_string"}}],"inLanguage":"en-US"},{"@type":"Organization","@id":"https:\/\/ashtangayogaparis.com\/#organization","name":"Ashtanga Yoga Paris | Ashtanga Yoga | KPJAYI SYC authorized","url":"https:\/\/ashtangayogaparis.com\/","logo":{"@type":"ImageObject","inLanguage":"en-US","@id":"https:\/\/ashtangayogaparis.com\/#\/schema\/logo\/image\/","url":"https:\/\/ashtangayogaparis.com\/wp-content\/uploads\/2025\/06\/cropped-logo-ashtanga-yoga-paris-1.png","contentUrl":"https:\/\/ashtangayogaparis.com\/wp-content\/uploads\/2025\/06\/cropped-logo-ashtanga-yoga-paris-1.png","width":2414,"height":1089,"caption":"Ashtanga Yoga Paris | Ashtanga Yoga | KPJAYI SYC authorized"},"image":{"@id":"https:\/\/ashtangayogaparis.com\/#\/schema\/logo\/image\/"},"sameAs":["https:\/\/www.facebook.com\/cyril.lagel\/","https:\/\/www.instagram.com\/cyrillagel"]}]}},"_links":{"self":[{"href":"https:\/\/ashtangayogaparis.com\/index.php\/wp-json\/wp\/v2\/pages\/56","targetHints":{"allow":["GET"]}}],"collection":[{"href":"https:\/\/ashtangayogaparis.com\/index.php\/wp-json\/wp\/v2\/pages"}],"about":[{"href":"https:\/\/ashtangayogaparis.com\/index.php\/wp-json\/wp\/v2\/types\/page"}],"author":[{"embeddable":true,"href":"https:\/\/ashtangayogaparis.com\/index.php\/wp-json\/wp\/v2\/users\/1"}],"replies":[{"embeddable":true,"href":"https:\/\/ashtangayogaparis.com\/index.php\/wp-json\/wp\/v2\/comments?post=56"}],"version-history":[{"count":4,"href":"https:\/\/ashtangayogaparis.com\/index.php\/wp-json\/wp\/v2\/pages\/56\/revisions"}],"predecessor-version":[{"id":1123,"href":"https:\/\/ashtangayogaparis.com\/index.php\/wp-json\/wp\/v2\/pages\/56\/revisions\/1123"}],"wp:attachment":[{"href":"https:\/\/ashtangayogaparis.com\/index.php\/wp-json\/wp\/v2\/media?parent=56"}],"curies":[{"name":"wp","href":"https:\/\/api.w.org\/{rel}","templated":true}]}}